{"id":999,"date":"2025-09-26T10:41:34","date_gmt":"2025-09-26T10:41:34","guid":{"rendered":"https:\/\/www.kreujlife.pl\/?page_id=999"},"modified":"2026-03-04T17:47:15","modified_gmt":"2026-03-04T17:47:15","slug":"oferta","status":"publish","type":"page","link":"https:\/\/www.kreujlife.pl\/index.php\/oferta\/","title":{"rendered":"Oferta"},"content":{"rendered":"\n<h2 class=\"wp-block-heading\"><strong>Sesja  indywidualna &#8211; M\u00d3J BIZNES<\/strong><\/h2>\n\n\n\n<div class=\"wp-block-media-text is-stacked-on-mobile\"><figure class=\"wp-block-media-text__media\"><img loading=\"lazy\" decoding=\"async\" width=\"1024\" height=\"576\" src=\"https:\/\/www.kreujlife.pl\/wp-content\/uploads\/2025\/09\/biznes-1024x576.png\" alt=\"\" class=\"wp-image-987 size-full\" srcset=\"https:\/\/www.kreujlife.pl\/wp-content\/uploads\/2025\/09\/biznes-1024x576.png 1024w, https:\/\/www.kreujlife.pl\/wp-content\/uploads\/2025\/09\/biznes-300x169.png 300w, https:\/\/www.kreujlife.pl\/wp-content\/uploads\/2025\/09\/biznes-768x432.png 768w, https:\/\/www.kreujlife.pl\/wp-content\/uploads\/2025\/09\/biznes-107x60.png 107w, https:\/\/www.kreujlife.pl\/wp-content\/uploads\/2025\/09\/biznes.png 1366w\" sizes=\"auto, (max-width: 1024px) 100vw, 1024px\" \/><\/figure><div class=\"wp-block-media-text__content\">\n<p class=\"has-text-align-left\">Czy zdarza Ci si\u0119, \u017ce:<\/p>\n\n\n\n<ul class=\"wp-block-list\">\n<li>masz pomys\u0142 na w\u0142asn\u0105 firm\u0119, ale ci\u0105gle odk\u0142adasz pierwszy krok, bo co\u015b Ci\u0119 blokuje?<\/li>\n\n\n\n<li>prowadzisz ju\u017c biznes, a mimo zaanga\u017cowania wci\u0105\u017c pojawia si\u0119 chaos, brak przep\u0142ywu i poczucie, \u017ce utkn\u0119\u0142a\u015b\/utkn\u0105\u0142e\u015b?<\/li>\n\n\n\n<li>czujesz, \u017ce nosisz w sobie potencja\u0142, ale trudno Ci go wykorzysta\u0107 w pe\u0142ni, by Tw\u00f3j biznes dawa\u0142 rado\u015b\u0107 i satysfakcj\u0119?<\/li>\n<\/ul>\n\n\n\n<p><strong>Je\u015bli tak \u2013 ta sesja jest dla Ciebie.<\/strong><\/p>\n\n\n\n<div class=\"wp-block-buttons is-layout-flex wp-block-buttons-is-layout-flex\">\n<div class=\"wp-block-button\"><a class=\"wp-block-button__link has-white-color has-luminous-vivid-amber-background-color has-text-color has-background has-link-color wp-element-button\" href=\"https:\/\/www.kreujlife.pl\/index.php\/moj-biznes-konsultacja\/\">Sprawd\u017a szczeg\u00f3\u0142y<\/a><\/div>\n<\/div>\n\n\n\n<p><\/p>\n<\/div><\/div>\n\n\n\n<hr class=\"wp-block-separator has-alpha-channel-opacity\"\/>\n\n\n\n<h2 class=\"wp-block-heading\"><strong>Moja Obfito\u015b\u0107 Finansowa<\/strong><\/h2>\n\n\n\n<div class=\"wp-block-media-text has-media-on-the-right is-stacked-on-mobile\"><div class=\"wp-block-media-text__content\">\n<p>Czy zdarza Ci si\u0119, \u017ce:<\/p>\n\n\n\n<ul class=\"wp-block-list\">\n<li>pieni\u0105dze nie trzymaj\u0105 si\u0119 Ciebie mimo stara\u0144,<\/li>\n\n\n\n<li>wci\u0105\u017c pracujesz du\u017co, a efekt finansowy jest niewsp\u00f3\u0142mierny,<\/li>\n\n\n\n<li>czujesz wewn\u0119trzny op\u00f3r przed proszeniem lub przyjmowaniem,<\/li>\n\n\n\n<li>boisz si\u0119 \u201ebra\u0107 za du\u017co\u201d lub mie\u0107 wi\u0119cej ni\u017c inni,<\/li>\n\n\n\n<li>pieni\u0105dze pojawiaj\u0105 si\u0119 i znikaj\u0105, zanim zd\u0105\u017cysz si\u0119 nimi nacieszy\u0107,<\/li>\n\n\n\n<li>czujesz win\u0119, gdy zarabiasz lub gdy chcesz zarabia\u0107 wi\u0119cej,<\/li>\n\n\n\n<li>masz poczucie, \u017ce \u201epieni\u0105dze to ci\u0119\u017car\u201d, \u201etrzeba si\u0119 napracowa\u0107, \u017ceby zas\u0142u\u017cy\u0107\u201d,<\/li>\n\n\n\n<li>boisz si\u0119 sukcesu lub tego, \u017ce go nie utrzymasz,<\/li>\n\n\n\n<li>powielasz schemat finansowy swojej rodziny \u2014 np. brak stabilno\u015bci, d\u0142ugi, trudne losy przodk\u00f3w,<\/li>\n\n\n\n<li>pr\u00f3bujesz afirmacji i kurs\u00f3w, ale czujesz, \u017ce co\u015b g\u0142\u0119bszego wci\u0105\u017c Ci\u0119 zatrzymuje&#8230;<\/li>\n<\/ul>\n<\/div><figure class=\"wp-block-media-text__media\"><img loading=\"lazy\" decoding=\"async\" width=\"1024\" height=\"576\" src=\"https:\/\/www.kreujlife.pl\/wp-content\/uploads\/2025\/09\/pieniadze-2-1024x576.png\" alt=\"\" class=\"wp-image-1160 size-full\" srcset=\"https:\/\/www.kreujlife.pl\/wp-content\/uploads\/2025\/09\/pieniadze-2-1024x576.png 1024w, https:\/\/www.kreujlife.pl\/wp-content\/uploads\/2025\/09\/pieniadze-2-300x169.png 300w, https:\/\/www.kreujlife.pl\/wp-content\/uploads\/2025\/09\/pieniadze-2-768x432.png 768w, https:\/\/www.kreujlife.pl\/wp-content\/uploads\/2025\/09\/pieniadze-2-107x60.png 107w, https:\/\/www.kreujlife.pl\/wp-content\/uploads\/2025\/09\/pieniadze-2.png 1366w\" sizes=\"auto, (max-width: 1024px) 100vw, 1024px\" \/><\/figure><\/div>\n\n\n\n<p>To ta praca jest w\u0142a\u015bnie dla Ciebie.  <\/p>\n\n\n\n<div class=\"wp-block-buttons is-layout-flex wp-block-buttons-is-layout-flex\">\n<div class=\"wp-block-button\"><a class=\"wp-block-button__link has-white-color has-luminous-vivid-amber-background-color has-text-color has-background has-link-color wp-element-button\" href=\"https:\/\/www.kreujlife.pl\/index.php\/moja-obfitosc-finansowa\/\">Sprawd\u017a szczeg\u00f3\u0142y<\/a><\/div>\n<\/div>\n\n\n\n<hr class=\"wp-block-separator has-alpha-channel-opacity\"\/>\n\n\n\n<h2 class=\"wp-block-heading\"><strong>Sesja indywidualna &#8211; UKOCHAJ EMOCJE &#8211; UKOCHAJ SIEBIE<\/strong><\/h2>\n\n\n\n<div class=\"wp-block-media-text is-stacked-on-mobile\"><figure class=\"wp-block-media-text__media\"><img loading=\"lazy\" decoding=\"async\" width=\"1024\" height=\"576\" src=\"https:\/\/www.kreujlife.pl\/wp-content\/uploads\/2025\/09\/emocje-ukochaj-1-1024x576.png\" alt=\"\" class=\"wp-image-1116 size-full\" srcset=\"https:\/\/www.kreujlife.pl\/wp-content\/uploads\/2025\/09\/emocje-ukochaj-1-1024x576.png 1024w, https:\/\/www.kreujlife.pl\/wp-content\/uploads\/2025\/09\/emocje-ukochaj-1-300x169.png 300w, https:\/\/www.kreujlife.pl\/wp-content\/uploads\/2025\/09\/emocje-ukochaj-1-768x432.png 768w, https:\/\/www.kreujlife.pl\/wp-content\/uploads\/2025\/09\/emocje-ukochaj-1-107x60.png 107w, https:\/\/www.kreujlife.pl\/wp-content\/uploads\/2025\/09\/emocje-ukochaj-1.png 1366w\" sizes=\"auto, (max-width: 1024px) 100vw, 1024px\" \/><\/figure><div class=\"wp-block-media-text__content\">\n<p><strong>Czy czujesz czasem, \u017ce:<\/strong><\/p>\n\n\n\n<ul class=\"wp-block-list\">\n<li>nosisz w sobie ci\u0119\u017car, kt\u00f3rego \u017ar\u00f3d\u0142a nie potrafisz nazwa\u0107?<\/li>\n\n\n\n<li>wci\u0105\u017c powtarzasz te same schematy w relacjach lub pracy, cho\u0107 pragniesz zmiany?<\/li>\n\n\n\n<li>emocje \u2013 l\u0119k, z\u0142o\u015b\u0107, smutek \u2013 przejmuj\u0105 nad Tob\u0105 kontrol\u0119 i trudno Ci odzyska\u0107 spok\u00f3j?<\/li>\n\n\n\n<li>czujesz, \u017ce co\u015b Ci\u0119 blokuje, ale nie potrafisz tego uchwyci\u0107?<\/li>\n<\/ul>\n\n\n\n<p>To w\u0142a\u015bnie wtedy pomocna jest praca nad emocjami.<\/p>\n\n\n\n<div class=\"wp-block-buttons is-layout-flex wp-block-buttons-is-layout-flex\">\n<div class=\"wp-block-button\"><a class=\"wp-block-button__link has-luminous-vivid-amber-background-color has-background wp-element-button\" href=\"https:\/\/www.kreujlife.pl\/index.php\/konsultacja-ukochaj-emocje-ukochaj-siebie\/\">Poznaj szczeg\u00f3\u0142y<\/a><\/div>\n<\/div>\n<\/div><\/div>\n\n\n\n<hr class=\"wp-block-separator has-alpha-channel-opacity\"\/>\n\n\n\n<h2 class=\"wp-block-heading\">Ustawienia systemowe metod\u0105 B. Hellingera 1:1 online<\/h2>\n\n\n\n<div class=\"wp-block-media-text has-media-on-the-right is-stacked-on-mobile\"><div class=\"wp-block-media-text__content\">\n<p><strong>Czy zdarza Ci si\u0119, \u017ce:<\/strong><\/p>\n\n\n\n<ul class=\"wp-block-list\">\n<li>wci\u0105\u017c powtarzasz schematy w relacjach, mimo \u017ce pragniesz blisko\u015bci i harmonii?<\/li>\n\n\n\n<li>czujesz ci\u0119\u017car historii rodzinnej, kt\u00f3ry wp\u0142ywa na Twoje \u017cycie, cho\u0107 nie do ko\u0144ca rozumiesz jak?<\/li>\n\n\n\n<li>masz poczucie, \u017ce co\u015b Ci\u0119 blokuje w mi\u0142o\u015bci, finansach czy pracy, ale nie potrafisz znale\u017a\u0107 \u017ar\u00f3d\u0142a?<\/li>\n<\/ul>\n\n\n\n<p><\/p>\n<\/div><figure class=\"wp-block-media-text__media\"><img loading=\"lazy\" decoding=\"async\" width=\"1024\" height=\"576\" src=\"https:\/\/www.kreujlife.pl\/wp-content\/uploads\/2025\/09\/USTAWIENIA-INDYWIDUALNE-1024x576.png\" alt=\"\" class=\"wp-image-983 size-full\" srcset=\"https:\/\/www.kreujlife.pl\/wp-content\/uploads\/2025\/09\/USTAWIENIA-INDYWIDUALNE-1024x576.png 1024w, https:\/\/www.kreujlife.pl\/wp-content\/uploads\/2025\/09\/USTAWIENIA-INDYWIDUALNE-300x169.png 300w, https:\/\/www.kreujlife.pl\/wp-content\/uploads\/2025\/09\/USTAWIENIA-INDYWIDUALNE-768x432.png 768w, https:\/\/www.kreujlife.pl\/wp-content\/uploads\/2025\/09\/USTAWIENIA-INDYWIDUALNE-107x60.png 107w, https:\/\/www.kreujlife.pl\/wp-content\/uploads\/2025\/09\/USTAWIENIA-INDYWIDUALNE.png 1366w\" sizes=\"auto, (max-width: 1024px) 100vw, 1024px\" \/><\/figure><\/div>\n\n\n\n<p>W takich momentach pomoc\u0105 s\u0105 <strong>Ustawienia Systemowe wg Berta Hellingera<\/strong> \u2013 metoda, kt\u00f3ra ods\u0142ania <strong>ukryte dynamiki w rodzinie i systemach spo\u0142ecznych<\/strong>, wp\u0142ywaj\u0105ce na nasze \u017cycie.<\/p>\n\n\n\n<div class=\"wp-block-buttons is-layout-flex wp-block-buttons-is-layout-flex\">\n<div class=\"wp-block-button\"><a class=\"wp-block-button__link has-white-color has-luminous-vivid-amber-background-color has-text-color has-background has-link-color wp-element-button\" href=\"https:\/\/www.kreujlife.pl\/index.php\/ustawienia-systemowe-11\/\">Poznaj szczeg\u00f3\u0142y<\/a><\/div>\n<\/div>\n\n\n\n<hr class=\"wp-block-separator has-alpha-channel-opacity\"\/>\n\n\n\n<h2 class=\"wp-block-heading\">Grupowe Ustawienia Hellingerowskie<\/h2>\n\n\n\n<p>Ustawienia grupowe to wyj\u0105tkowa przestrze\u0144, w kt\u00f3rej spotykamy si\u0119, by <strong>pracowa\u0107 nad sob\u0105 poprzez do\u015bwiadczenie wsp\u00f3lnoty i dynamik systemowych<\/strong>.<\/p>\n\n\n\n<div class=\"wp-block-media-text is-stacked-on-mobile\"><figure class=\"wp-block-media-text__media\"><img loading=\"lazy\" decoding=\"async\" width=\"1024\" height=\"576\" src=\"https:\/\/www.kreujlife.pl\/wp-content\/uploads\/2025\/09\/grupa-1024x576.png\" alt=\"\" class=\"wp-image-984 size-full\" srcset=\"https:\/\/www.kreujlife.pl\/wp-content\/uploads\/2025\/09\/grupa-1024x576.png 1024w, https:\/\/www.kreujlife.pl\/wp-content\/uploads\/2025\/09\/grupa-300x169.png 300w, https:\/\/www.kreujlife.pl\/wp-content\/uploads\/2025\/09\/grupa-768x432.png 768w, https:\/\/www.kreujlife.pl\/wp-content\/uploads\/2025\/09\/grupa-107x60.png 107w, https:\/\/www.kreujlife.pl\/wp-content\/uploads\/2025\/09\/grupa.png 1366w\" sizes=\"auto, (max-width: 1024px) 100vw, 1024px\" \/><\/figure><div class=\"wp-block-media-text__content\">\n<p>Podczas warsztatu mo\u017cesz:<\/p>\n\n\n\n<ul class=\"wp-block-list\">\n<li><strong>Wymieni\u0107 si\u0119 do\u015bwiadczeniami<\/strong> z innymi uczestnikami i poczu\u0107, \u017ce nie jeste\u015b sama\/sam w swoich wyzwaniach.<\/li>\n\n\n\n<li><strong>Odkry\u0107 wzorce<\/strong>, kt\u00f3re wp\u0142ywaj\u0105 na Twoje \u017cycie \u2013 zar\u00f3wno w relacjach, jak i w pracy.<\/li>\n\n\n\n<li><strong>Zyska\u0107 wsparcie i inspiracj\u0119<\/strong> do codziennych zmian, obserwuj\u0105c procesy zachodz\u0105ce tak\u017ce u innych.<\/li>\n<\/ul>\n<\/div><\/div>\n\n\n\n<div class=\"wp-block-buttons is-layout-flex wp-block-buttons-is-layout-flex\">\n<div class=\"wp-block-button\"><a class=\"wp-block-button__link has-white-color has-luminous-vivid-amber-background-color has-text-color has-background has-link-color wp-element-button\" href=\"https:\/\/www.kreujlife.pl\/index.php\/grupowe-ustawienia-systemowe\/\">Poznaj szczeg\u00f3\u0142y<\/a><\/div>\n<\/div>\n\n\n\n<hr class=\"wp-block-separator has-alpha-channel-opacity\"\/>\n\n\n\n<h2 class=\"wp-block-heading\">Bezp\u0142atna konsultacja<\/h2>\n\n\n\n<div class=\"wp-block-media-text is-stacked-on-mobile\"><figure class=\"wp-block-media-text__media\"><img loading=\"lazy\" decoding=\"async\" width=\"1024\" height=\"576\" src=\"https:\/\/www.kreujlife.pl\/wp-content\/uploads\/2025\/09\/kawka-2-1024x576.png\" alt=\"\" class=\"wp-image-1270 size-full\" srcset=\"https:\/\/www.kreujlife.pl\/wp-content\/uploads\/2025\/09\/kawka-2-1024x576.png 1024w, https:\/\/www.kreujlife.pl\/wp-content\/uploads\/2025\/09\/kawka-2-300x169.png 300w, https:\/\/www.kreujlife.pl\/wp-content\/uploads\/2025\/09\/kawka-2-768x432.png 768w, https:\/\/www.kreujlife.pl\/wp-content\/uploads\/2025\/09\/kawka-2-107x60.png 107w, https:\/\/www.kreujlife.pl\/wp-content\/uploads\/2025\/09\/kawka-2.png 1366w\" sizes=\"auto, (max-width: 1024px) 100vw, 1024px\" \/><\/figure><div class=\"wp-block-media-text__content\">\n<p>Zapraszam Ci\u0119 na\u00a0<strong>bezp\u0142atn\u0105, niezobowi\u0105zuj\u0105c\u0105 kaw\u0119 online<\/strong>\u00a0\u2013 30 minut, podczas kt\u00f3rych mo\u017cemy si\u0119 wzajemnie pozna\u0107. To czas, by porozmawia\u0107 o tym, co dzi\u015b jest dla Ciebie najwa\u017cniejsze. Ch\u0119tnie pomog\u0119, wyja\u015bni\u0119 i wyt\u0142umacz\u0119 wszelkie w\u0105tpliwo\u015bci.<\/p>\n\n\n\n<div class=\"wp-block-buttons is-layout-flex wp-block-buttons-is-layout-flex\">\n<div class=\"wp-block-button\"><a class=\"wp-block-button__link has-white-color has-light-green-cyan-background-color has-text-color has-background has-link-color wp-element-button\" href=\"https:\/\/www.kreujlife.pl\/index.php\/kontakt-do-mnie\/\">Odbieram<\/a><\/div>\n\n\n\n<div class=\"wp-block-button\"><a class=\"wp-block-button__link has-white-color has-luminous-vivid-amber-background-color has-text-color has-background has-link-color wp-element-button\" href=\"https:\/\/www.kreujlife.pl\/index.php\/bezplatna-konsultacja\/\">Poznaj szczeg\u00f3\u0142y<\/a><\/div>\n<\/div>\n<\/div><\/div>\n","protected":false},"excerpt":{"rendered":"<p>Sesja indywidualna &#8211; M\u00d3J BIZNES Moja Obfito\u015b\u0107 Finansowa To ta praca jest w\u0142a\u015bnie dla Ciebie. Sesja indywidualna &#8211; UKOCHAJ EMOCJE &#8211; UKOCHAJ SIEBIE Ustawienia systemowe metod\u0105 B. Hellingera 1:1 online W takich momentach pomoc\u0105 s\u0105 Ustawienia Systemowe wg Berta Hellingera \u2013 metoda, kt\u00f3ra ods\u0142ania ukryte dynamiki w rodzinie i systemach spo\u0142ecznych, wp\u0142ywaj\u0105ce na nasze \u017cycie. &hellip; <\/p>\n","protected":false},"author":1,"featured_media":0,"parent":0,"menu_order":0,"comment_status":"closed","ping_status":"closed","template":"","meta":{"footnotes":""},"class_list":["post-999","page","type-page","status-publish","hentry"],"_links":{"self":[{"href":"https:\/\/www.kreujlife.pl\/index.php\/wp-json\/wp\/v2\/pages\/999","targetHints":{"allow":["GET"]}}],"collection":[{"href":"https:\/\/www.kreujlife.pl\/index.php\/wp-json\/wp\/v2\/pages"}],"about":[{"href":"https:\/\/www.kreujlife.pl\/index.php\/wp-json\/wp\/v2\/types\/page"}],"author":[{"embeddable":true,"href":"https:\/\/www.kreujlife.pl\/index.php\/wp-json\/wp\/v2\/users\/1"}],"replies":[{"embeddable":true,"href":"https:\/\/www.kreujlife.pl\/index.php\/wp-json\/wp\/v2\/comments?post=999"}],"version-history":[{"count":17,"href":"https:\/\/www.kreujlife.pl\/index.php\/wp-json\/wp\/v2\/pages\/999\/revisions"}],"predecessor-version":[{"id":1314,"href":"https:\/\/www.kreujlife.pl\/index.php\/wp-json\/wp\/v2\/pages\/999\/revisions\/1314"}],"wp:attachment":[{"href":"https:\/\/www.kreujlife.pl\/index.php\/wp-json\/wp\/v2\/media?parent=999"}],"curies":[{"name":"wp","href":"https:\/\/api.w.org\/{rel}","templated":true}]}}