{"id":995,"date":"2025-09-26T10:39:40","date_gmt":"2025-09-26T10:39:40","guid":{"rendered":"https:\/\/www.kreujlife.pl\/?page_id=995"},"modified":"2026-03-04T17:44:33","modified_gmt":"2026-03-04T17:44:33","slug":"moj-biznes-konsultacja","status":"publish","type":"page","link":"https:\/\/www.kreujlife.pl\/index.php\/moj-biznes-konsultacja\/","title":{"rendered":"M\u00f3j Biznes &#8211; konsultacja"},"content":{"rendered":"\n<div class=\"wp-block-cover aligncenter is-light wp-duotone-unset-1\"><video class=\"wp-block-cover__video-background intrinsic-ignore\" autoplay muted loop playsinline src=\"https:\/\/www.kreujlife.pl\/wp-content\/uploads\/2025\/09\/Nie-odkladaj-marzen-2.mp4\" data-object-fit=\"cover\"><\/video><span aria-hidden=\"true\" class=\"wp-block-cover__background has-background-dim-0 has-background-dim\" style=\"background-color:#FFF\"><\/span><div class=\"wp-block-cover__inner-container is-layout-flow wp-block-cover-is-layout-flow\">\n<p><\/p>\n<\/div><\/div>\n\n\n\n<hr class=\"wp-block-separator has-alpha-channel-opacity\"\/>\n\n\n<div class=\"wp-block-image\">\n<figure class=\"aligncenter size-full\"><img loading=\"lazy\" decoding=\"async\" width=\"1366\" height=\"768\" src=\"https:\/\/www.kreujlife.pl\/wp-content\/uploads\/2025\/09\/przekonania.png\" alt=\"\" class=\"wp-image-1038\" srcset=\"https:\/\/www.kreujlife.pl\/wp-content\/uploads\/2025\/09\/przekonania.png 1366w, https:\/\/www.kreujlife.pl\/wp-content\/uploads\/2025\/09\/przekonania-300x169.png 300w, https:\/\/www.kreujlife.pl\/wp-content\/uploads\/2025\/09\/przekonania-1024x576.png 1024w, https:\/\/www.kreujlife.pl\/wp-content\/uploads\/2025\/09\/przekonania-768x432.png 768w, https:\/\/www.kreujlife.pl\/wp-content\/uploads\/2025\/09\/przekonania-107x60.png 107w\" sizes=\"auto, (max-width: 1366px) 100vw, 1366px\" \/><\/figure>\n<\/div>\n\n\n<p><\/p>\n\n\n\n<hr class=\"wp-block-separator has-alpha-channel-opacity\"\/>\n\n\n\n<p>Mo\u017ce to brzmi znajomo\u2026<\/p>\n\n\n\n<div class=\"wp-block-media-text has-media-on-the-right is-stacked-on-mobile\"><div class=\"wp-block-media-text__content\">\n<ul class=\"wp-block-list\">\n<li>Masz w sobie pomys\u0142 albo marzenie o w\u0142asnej firmie, ale co\u015b Ci\u0119 zatrzymuje.<\/li>\n\n\n\n<li>Wci\u0105\u017c my\u015blisz: <em><strong>\u201eNie nadaj\u0119 si\u0119 do tego\u201d<\/strong><\/em>, \u201e<em><strong>Inni zrobi\u0105 to lepiej ode mnie\u201d, \u201eNie mam wystarczaj\u0105cych umiej\u0119tno\u015bci.\u201d<\/strong><\/em><\/li>\n\n\n\n<li>Zdarza Ci si\u0119 odk\u0142ada\u0107 dzia\u0142anie, bo boisz si\u0119 pora\u017cki, oceny czy krytyki.<\/li>\n\n\n\n<li>A mo\u017ce ju\u017c prowadzisz biznes, ale czujesz chaos, brak przep\u0142ywu i przyt\u0142oczenie odpowiedzialno\u015bci\u0105.<\/li>\n\n\n\n<li>By\u0107 mo\u017ce masz te\u017c wra\u017cenie, \u017ce je\u015bli odniesiesz sukces, co\u015b stracisz \u2013 czas, relacje albo siebie.<\/li>\n<\/ul>\n\n\n\n<p><\/p>\n<\/div><figure class=\"wp-block-media-text__media\"><img loading=\"lazy\" decoding=\"async\" width=\"1024\" height=\"576\" src=\"https:\/\/www.kreujlife.pl\/wp-content\/uploads\/2025\/09\/biznes-1-1024x576.png\" alt=\"\" class=\"wp-image-1007 size-full\" srcset=\"https:\/\/www.kreujlife.pl\/wp-content\/uploads\/2025\/09\/biznes-1-1024x576.png 1024w, https:\/\/www.kreujlife.pl\/wp-content\/uploads\/2025\/09\/biznes-1-300x169.png 300w, https:\/\/www.kreujlife.pl\/wp-content\/uploads\/2025\/09\/biznes-1-768x432.png 768w, https:\/\/www.kreujlife.pl\/wp-content\/uploads\/2025\/09\/biznes-1-107x60.png 107w, https:\/\/www.kreujlife.pl\/wp-content\/uploads\/2025\/09\/biznes-1.png 1366w\" sizes=\"auto, (max-width: 1024px) 100vw, 1024px\" \/><\/figure><\/div>\n\n\n\n<p class=\"has-medium-font-size\"><strong>To w\u0142a\u015bnie te wewn\u0119trzne przekonania i blokady sprawiaj\u0105, \u017ce zamiast cieszy\u0107 si\u0119 swoj\u0105 drog\u0105, stoisz w miejscu albo idziesz w napi\u0119ciu.<\/strong><\/p>\n\n\n\n<hr class=\"wp-block-separator has-alpha-channel-opacity\"\/>\n\n\n\n<div class=\"wp-block-cover is-light\"><video class=\"wp-block-cover__video-background intrinsic-ignore\" autoplay muted loop playsinline src=\"https:\/\/www.kreujlife.pl\/wp-content\/uploads\/2025\/09\/sukces2.mp4\" data-object-fit=\"cover\"><\/video><span aria-hidden=\"true\" class=\"wp-block-cover__background has-background-dim-0 has-background-dim\" style=\"background-color:#FFF\"><\/span><div class=\"wp-block-cover__inner-container is-layout-flow wp-block-cover-is-layout-flow\">\n<p class=\"has-text-align-center has-large-font-size\"><\/p>\n<\/div><\/div>\n\n\n\n<p class=\"has-medium-font-size\">\ud83c\udf3f <strong>Tutaj zaczyna si\u0119 nasza wsp\u00f3lna praca.<\/strong><\/p>\n\n\n\n<p><\/p>\n\n\n\n<p>Podczas sesji <strong>\u201eM\u00f3j Biznes\u201d<\/strong> odkryjesz, co naprawd\u0119 Ci\u0119 zatrzymuje i zobaczysz swoje ukryte zasoby. Przyjrzymy si\u0119 energiom systemowym, kt\u00f3re wp\u0142ywaj\u0105 na Twoje decyzje i efekty, a tak\u017ce przekonaniom, kt\u00f3re dot\u0105d Ci\u0119 ogranicza\u0142y.<\/p>\n\n\n\n<div class=\"wp-block-buttons is-layout-flex wp-block-buttons-is-layout-flex\">\n<div class=\"wp-block-button\"><a class=\"wp-block-button__link has-luminous-vivid-amber-background-color has-background has-medium-font-size has-text-align-center has-custom-font-size wp-element-button\" href=\"https:\/\/www.kreujlife.pl\/index.php\/kontakt-do-mnie\/\">Masz pytanie?<\/a><\/div>\n<\/div>\n\n\n\n<hr class=\"wp-block-separator has-alpha-channel-opacity\"\/>\n\n\n\n<h3 class=\"wp-block-heading\">\u2728 Dok\u0105d mo\u017cesz doj\u015b\u0107?<\/h3>\n\n\n\n<figure class=\"wp-block-image size-full\"><img loading=\"lazy\" decoding=\"async\" width=\"1366\" height=\"768\" src=\"https:\/\/www.kreujlife.pl\/wp-content\/uploads\/2025\/09\/cele.png\" alt=\"\" class=\"wp-image-1040\" srcset=\"https:\/\/www.kreujlife.pl\/wp-content\/uploads\/2025\/09\/cele.png 1366w, https:\/\/www.kreujlife.pl\/wp-content\/uploads\/2025\/09\/cele-300x169.png 300w, https:\/\/www.kreujlife.pl\/wp-content\/uploads\/2025\/09\/cele-1024x576.png 1024w, https:\/\/www.kreujlife.pl\/wp-content\/uploads\/2025\/09\/cele-768x432.png 768w, https:\/\/www.kreujlife.pl\/wp-content\/uploads\/2025\/09\/cele-107x60.png 107w\" sizes=\"auto, (max-width: 1366px) 100vw, 1366px\" \/><\/figure>\n\n\n\n<p class=\"has-medium-font-size\"><strong>Wyobra\u017a sobie, \u017ce zamiast l\u0119ku i chaosu czujesz:<\/strong><\/p>\n\n\n\n<ul class=\"wp-block-list\">\n<li>jasno\u015b\u0107 i pewno\u015b\u0107 \u2013 <strong>\u201ewiem, czego chc\u0119 i jak to osi\u0105gn\u0105\u0107\u201d<\/strong>,<\/li>\n\n\n\n<li><strong>odwag\u0119<\/strong>, by dzia\u0142a\u0107 w zgodzie ze sob\u0105,<\/li>\n\n\n\n<li><strong>przep\u0142yw i lekko\u015b\u0107<\/strong> w codziennych decyzjach,<\/li>\n\n\n\n<li class=\"has-medium-font-size\"><strong>zdrow\u0105 relacj\u0119 z pieni\u0119dzmi i sukcesem<\/strong>,<\/li>\n\n\n\n<li>r\u00f3wnowag\u0119 mi\u0119dzy prac\u0105 a \u017cyciem osobistym,<\/li>\n\n\n\n<li class=\"has-medium-font-size\"><strong>rado\u015b\u0107 i satysfakcj\u0119 z tego, co tworzysz<\/strong>.<\/li>\n<\/ul>\n\n\n\n<p class=\"has-text-align-center has-medium-font-size\">To w\u0142a\u015bnie przestrze\u0144, kt\u00f3r\u0105 otwiera ta sesja \u2013 <strong>od blokad do mo\u017cliwo\u015bci, od zw\u0105tpienia do dzia\u0142ania, od ci\u0119\u017caru do lekko\u015bci.<\/strong><\/p>\n\n\n\n<hr class=\"wp-block-separator has-alpha-channel-opacity\"\/>\n\n\n\n<p>\ud83c\udf38 <strong>Zapraszam Ci\u0119 w t\u0119 podr\u00f3\u017c.<\/strong><br>To b\u0119dzie Tw\u00f3j czas \u2013 by zatrzyma\u0107 si\u0119, zobaczy\u0107 siebie z nowej perspektywy i zrobi\u0107 krok w stron\u0119 biznesu, kt\u00f3ry naprawd\u0119 b\u0119dzie Twoim miejscem mocy i spe\u0142nienia.<\/p>\n\n\n\n<p class=\"has-medium-font-size\"><strong>To spotkanie przynosi klarowno\u015b\u0107, lekko\u015b\u0107 i \u015bwie\u017c\u0105 perspektyw\u0119. Otwiera przestrze\u0144 do tego, aby rozwija\u0107 biznes w zgodzie ze sob\u0105 \u2013 w poczuciu przep\u0142ywu, si\u0142y i spokoju.<\/strong><\/p>\n\n\n\n<div class=\"wp-block-buttons is-layout-flex wp-block-buttons-is-layout-flex\">\n<div class=\"wp-block-button\"><a class=\"wp-block-button__link has-luminous-vivid-amber-background-color has-background has-medium-font-size has-custom-font-size wp-element-button\"><strong>Zapisz si\u0119<\/strong><\/a><\/div>\n<\/div>\n\n\n\n<hr class=\"wp-block-separator has-alpha-channel-opacity\"\/>\n\n\n\n<div class=\"wp-block-media-text is-stacked-on-mobile\"><figure class=\"wp-block-media-text__media\"><img loading=\"lazy\" decoding=\"async\" width=\"1024\" height=\"576\" src=\"https:\/\/www.kreujlife.pl\/wp-content\/uploads\/2025\/09\/sukces-1024x576.png\" alt=\"\" class=\"wp-image-1025 size-full\" srcset=\"https:\/\/www.kreujlife.pl\/wp-content\/uploads\/2025\/09\/sukces-1024x576.png 1024w, https:\/\/www.kreujlife.pl\/wp-content\/uploads\/2025\/09\/sukces-300x169.png 300w, https:\/\/www.kreujlife.pl\/wp-content\/uploads\/2025\/09\/sukces-768x432.png 768w, https:\/\/www.kreujlife.pl\/wp-content\/uploads\/2025\/09\/sukces-107x60.png 107w, https:\/\/www.kreujlife.pl\/wp-content\/uploads\/2025\/09\/sukces.png 1366w\" sizes=\"auto, (max-width: 1024px) 100vw, 1024px\" \/><\/figure><div class=\"wp-block-media-text__content\">\n<p class=\"has-text-align-left has-medium-font-size\"><strong>M\u00f3j Biznes &#8211; konsultacja<\/strong><\/p>\n\n\n\n<p><strong>\u201eM\u00f3j Biznes\u201d<\/strong>&nbsp;to czterogodzinna, intensywna konsultacja online, podczas kt\u00f3rej:<\/p>\n\n\n\n<ul class=\"wp-block-list\">\n<li>zobaczysz swoje&nbsp;<strong>zasoby i mo\u017cliwo\u015bci<\/strong>, kt\u00f3re ju\u017c masz w sobie, ale z kt\u00f3rych jeszcze nie korzystasz.<\/li>\n<\/ul>\n\n\n\n<ul class=\"wp-block-list\">\n<li>odkryjesz&nbsp;<strong>wewn\u0119trzne blokady i przekonania<\/strong>, kt\u00f3re zatrzymuj\u0105 Ci\u0119 przed dzia\u0142aniem,<\/li>\n<\/ul>\n\n\n\n<ul class=\"wp-block-list\">\n<li>przyjrzysz si\u0119&nbsp;<strong>energiom systemowym<\/strong>, kt\u00f3re wp\u0142ywaj\u0105 na Twoje decyzje i efekty,<\/li>\n<\/ul>\n<\/div><\/div>\n\n\n\n<p class=\"has-medium-font-size\"><strong>Inwestycja w siebie<\/strong>: 1600 z\u0142 (4h)<\/p>\n\n\n\n<div class=\"wp-block-buttons is-layout-flex wp-block-buttons-is-layout-flex\">\n<div class=\"wp-block-button\"><a class=\"wp-block-button__link has-luminous-vivid-amber-background-color has-background has-medium-font-size has-custom-font-size wp-element-button\" href=\"https:\/\/www.kreujlife.pl\/index.php\/kontakt-do-mnie\/\"><strong>Zapisz si\u0119<\/strong><\/a><\/div>\n<\/div>\n","protected":false},"excerpt":{"rendered":"<p>Mo\u017ce to brzmi znajomo\u2026 To w\u0142a\u015bnie te wewn\u0119trzne przekonania i blokady sprawiaj\u0105, \u017ce zamiast cieszy\u0107 si\u0119 swoj\u0105 drog\u0105, stoisz w miejscu albo idziesz w napi\u0119ciu. \ud83c\udf3f Tutaj zaczyna si\u0119 nasza wsp\u00f3lna praca. Podczas sesji \u201eM\u00f3j Biznes\u201d odkryjesz, co naprawd\u0119 Ci\u0119 zatrzymuje i zobaczysz swoje ukryte zasoby. Przyjrzymy si\u0119 energiom systemowym, kt\u00f3re wp\u0142ywaj\u0105 na Twoje decyzje &hellip; <\/p>\n","protected":false},"author":1,"featured_media":0,"parent":0,"menu_order":0,"comment_status":"closed","ping_status":"closed","template":"","meta":{"footnotes":""},"class_list":["post-995","page","type-page","status-publish","hentry"],"_links":{"self":[{"href":"https:\/\/www.kreujlife.pl\/index.php\/wp-json\/wp\/v2\/pages\/995","targetHints":{"allow":["GET"]}}],"collection":[{"href":"https:\/\/www.kreujlife.pl\/index.php\/wp-json\/wp\/v2\/pages"}],"about":[{"href":"https:\/\/www.kreujlife.pl\/index.php\/wp-json\/wp\/v2\/types\/page"}],"author":[{"embeddable":true,"href":"https:\/\/www.kreujlife.pl\/index.php\/wp-json\/wp\/v2\/users\/1"}],"replies":[{"embeddable":true,"href":"https:\/\/www.kreujlife.pl\/index.php\/wp-json\/wp\/v2\/comments?post=995"}],"version-history":[{"count":29,"href":"https:\/\/www.kreujlife.pl\/index.php\/wp-json\/wp\/v2\/pages\/995\/revisions"}],"predecessor-version":[{"id":1369,"href":"https:\/\/www.kreujlife.pl\/index.php\/wp-json\/wp\/v2\/pages\/995\/revisions\/1369"}],"wp:attachment":[{"href":"https:\/\/www.kreujlife.pl\/index.php\/wp-json\/wp\/v2\/media?parent=995"}],"curies":[{"name":"wp","href":"https:\/\/api.w.org\/{rel}","templated":true}]}}