{"id":866,"date":"2025-01-22T13:12:41","date_gmt":"2025-01-22T13:12:41","guid":{"rendered":"https:\/\/www.kreujlife.pl\/?page_id=866"},"modified":"2025-11-06T12:55:17","modified_gmt":"2025-11-06T12:55:17","slug":"twoja-opinia","status":"publish","type":"page","link":"https:\/\/www.kreujlife.pl\/index.php\/twoja-opinia\/","title":{"rendered":"Twoja Opinia"},"content":{"rendered":"\n<p>Wasze opinie, za kt\u00f3re serdecznie dzi\u0119kuj\u0119.<\/p>\n\n\n\n<figure class=\"wp-block-gallery has-nested-images columns-default is-cropped wp-block-gallery-1 is-layout-flex wp-block-gallery-is-layout-flex\">\n<figure class=\"wp-block-image size-large\"><img loading=\"lazy\" decoding=\"async\" width=\"1024\" height=\"577\" data-id=\"1229\" src=\"https:\/\/www.kreujlife.pl\/wp-content\/uploads\/2025\/09\/1-8-1024x577.png\" alt=\"\" class=\"wp-image-1229\" srcset=\"https:\/\/www.kreujlife.pl\/wp-content\/uploads\/2025\/09\/1-8-1024x577.png 1024w, https:\/\/www.kreujlife.pl\/wp-content\/uploads\/2025\/09\/1-8-300x169.png 300w, https:\/\/www.kreujlife.pl\/wp-content\/uploads\/2025\/09\/1-8-768x433.png 768w, https:\/\/www.kreujlife.pl\/wp-content\/uploads\/2025\/09\/1-8-1536x865.png 1536w, https:\/\/www.kreujlife.pl\/wp-content\/uploads\/2025\/09\/1-8-106x60.png 106w, https:\/\/www.kreujlife.pl\/wp-content\/uploads\/2025\/09\/1-8.png 1640w\" sizes=\"auto, (max-width: 1024px) 100vw, 1024px\" \/><\/figure>\n\n\n\n<figure class=\"wp-block-image size-large\"><img loading=\"lazy\" decoding=\"async\" width=\"1024\" height=\"577\" data-id=\"1228\" src=\"https:\/\/www.kreujlife.pl\/wp-content\/uploads\/2025\/09\/2-6-1024x577.png\" alt=\"\" class=\"wp-image-1228\" srcset=\"https:\/\/www.kreujlife.pl\/wp-content\/uploads\/2025\/09\/2-6-1024x577.png 1024w, https:\/\/www.kreujlife.pl\/wp-content\/uploads\/2025\/09\/2-6-300x169.png 300w, https:\/\/www.kreujlife.pl\/wp-content\/uploads\/2025\/09\/2-6-768x433.png 768w, https:\/\/www.kreujlife.pl\/wp-content\/uploads\/2025\/09\/2-6-1536x865.png 1536w, https:\/\/www.kreujlife.pl\/wp-content\/uploads\/2025\/09\/2-6-106x60.png 106w, https:\/\/www.kreujlife.pl\/wp-content\/uploads\/2025\/09\/2-6.png 1640w\" sizes=\"auto, (max-width: 1024px) 100vw, 1024px\" \/><\/figure>\n<\/figure>\n\n\n\n<figure class=\"wp-block-gallery has-nested-images columns-default is-cropped wp-block-gallery-2 is-layout-flex wp-block-gallery-is-layout-flex\">\n<figure class=\"wp-block-image size-large\"><img loading=\"lazy\" decoding=\"async\" width=\"1024\" height=\"577\" data-id=\"1231\" src=\"https:\/\/www.kreujlife.pl\/wp-content\/uploads\/2025\/09\/3-3-1024x577.png\" alt=\"\" class=\"wp-image-1231\" srcset=\"https:\/\/www.kreujlife.pl\/wp-content\/uploads\/2025\/09\/3-3-1024x577.png 1024w, https:\/\/www.kreujlife.pl\/wp-content\/uploads\/2025\/09\/3-3-300x169.png 300w, https:\/\/www.kreujlife.pl\/wp-content\/uploads\/2025\/09\/3-3-768x433.png 768w, https:\/\/www.kreujlife.pl\/wp-content\/uploads\/2025\/09\/3-3-1536x865.png 1536w, https:\/\/www.kreujlife.pl\/wp-content\/uploads\/2025\/09\/3-3-106x60.png 106w, https:\/\/www.kreujlife.pl\/wp-content\/uploads\/2025\/09\/3-3.png 1640w\" sizes=\"auto, (max-width: 1024px) 100vw, 1024px\" \/><\/figure>\n\n\n\n<figure class=\"wp-block-image size-large\"><img loading=\"lazy\" decoding=\"async\" width=\"1024\" height=\"577\" data-id=\"1230\" src=\"https:\/\/www.kreujlife.pl\/wp-content\/uploads\/2025\/09\/4-4-1024x577.png\" alt=\"\" class=\"wp-image-1230\" srcset=\"https:\/\/www.kreujlife.pl\/wp-content\/uploads\/2025\/09\/4-4-1024x577.png 1024w, https:\/\/www.kreujlife.pl\/wp-content\/uploads\/2025\/09\/4-4-300x169.png 300w, https:\/\/www.kreujlife.pl\/wp-content\/uploads\/2025\/09\/4-4-768x433.png 768w, https:\/\/www.kreujlife.pl\/wp-content\/uploads\/2025\/09\/4-4-1536x865.png 1536w, https:\/\/www.kreujlife.pl\/wp-content\/uploads\/2025\/09\/4-4-106x60.png 106w, https:\/\/www.kreujlife.pl\/wp-content\/uploads\/2025\/09\/4-4.png 1640w\" sizes=\"auto, (max-width: 1024px) 100vw, 1024px\" \/><\/figure>\n<\/figure>\n\n\n\n<figure class=\"wp-block-gallery has-nested-images columns-default is-cropped wp-block-gallery-3 is-layout-flex wp-block-gallery-is-layout-flex\">\n<figure class=\"wp-block-image size-large\"><img loading=\"lazy\" decoding=\"async\" width=\"1024\" height=\"577\" data-id=\"1233\" src=\"https:\/\/www.kreujlife.pl\/wp-content\/uploads\/2025\/09\/5-2-1024x577.png\" alt=\"\" class=\"wp-image-1233\" srcset=\"https:\/\/www.kreujlife.pl\/wp-content\/uploads\/2025\/09\/5-2-1024x577.png 1024w, https:\/\/www.kreujlife.pl\/wp-content\/uploads\/2025\/09\/5-2-300x169.png 300w, https:\/\/www.kreujlife.pl\/wp-content\/uploads\/2025\/09\/5-2-768x433.png 768w, https:\/\/www.kreujlife.pl\/wp-content\/uploads\/2025\/09\/5-2-1536x865.png 1536w, https:\/\/www.kreujlife.pl\/wp-content\/uploads\/2025\/09\/5-2-106x60.png 106w, https:\/\/www.kreujlife.pl\/wp-content\/uploads\/2025\/09\/5-2.png 1640w\" sizes=\"auto, (max-width: 1024px) 100vw, 1024px\" \/><\/figure>\n\n\n\n<figure class=\"wp-block-image size-large\"><img loading=\"lazy\" decoding=\"async\" width=\"1024\" height=\"577\" data-id=\"1232\" src=\"https:\/\/www.kreujlife.pl\/wp-content\/uploads\/2025\/09\/6-2-1024x577.png\" alt=\"\" class=\"wp-image-1232\" srcset=\"https:\/\/www.kreujlife.pl\/wp-content\/uploads\/2025\/09\/6-2-1024x577.png 1024w, https:\/\/www.kreujlife.pl\/wp-content\/uploads\/2025\/09\/6-2-300x169.png 300w, https:\/\/www.kreujlife.pl\/wp-content\/uploads\/2025\/09\/6-2-768x433.png 768w, https:\/\/www.kreujlife.pl\/wp-content\/uploads\/2025\/09\/6-2-1536x865.png 1536w, https:\/\/www.kreujlife.pl\/wp-content\/uploads\/2025\/09\/6-2-106x60.png 106w, https:\/\/www.kreujlife.pl\/wp-content\/uploads\/2025\/09\/6-2.png 1640w\" sizes=\"auto, (max-width: 1024px) 100vw, 1024px\" \/><\/figure>\n<\/figure>\n\n\n\n<figure class=\"wp-block-gallery has-nested-images columns-default is-cropped wp-block-gallery-4 is-layout-flex wp-block-gallery-is-layout-flex\">\n<figure class=\"wp-block-image size-large\"><img loading=\"lazy\" decoding=\"async\" width=\"1024\" height=\"577\" data-id=\"1235\" src=\"https:\/\/www.kreujlife.pl\/wp-content\/uploads\/2025\/09\/7-2-1024x577.png\" alt=\"\" class=\"wp-image-1235\" srcset=\"https:\/\/www.kreujlife.pl\/wp-content\/uploads\/2025\/09\/7-2-1024x577.png 1024w, https:\/\/www.kreujlife.pl\/wp-content\/uploads\/2025\/09\/7-2-300x169.png 300w, https:\/\/www.kreujlife.pl\/wp-content\/uploads\/2025\/09\/7-2-768x433.png 768w, https:\/\/www.kreujlife.pl\/wp-content\/uploads\/2025\/09\/7-2-1536x865.png 1536w, https:\/\/www.kreujlife.pl\/wp-content\/uploads\/2025\/09\/7-2-106x60.png 106w, https:\/\/www.kreujlife.pl\/wp-content\/uploads\/2025\/09\/7-2.png 1640w\" sizes=\"auto, (max-width: 1024px) 100vw, 1024px\" \/><\/figure>\n\n\n\n<figure class=\"wp-block-image size-large\"><img loading=\"lazy\" decoding=\"async\" width=\"1024\" height=\"577\" data-id=\"1234\" src=\"https:\/\/www.kreujlife.pl\/wp-content\/uploads\/2025\/09\/8-2-1024x577.png\" alt=\"\" class=\"wp-image-1234\" srcset=\"https:\/\/www.kreujlife.pl\/wp-content\/uploads\/2025\/09\/8-2-1024x577.png 1024w, https:\/\/www.kreujlife.pl\/wp-content\/uploads\/2025\/09\/8-2-300x169.png 300w, https:\/\/www.kreujlife.pl\/wp-content\/uploads\/2025\/09\/8-2-768x433.png 768w, https:\/\/www.kreujlife.pl\/wp-content\/uploads\/2025\/09\/8-2-1536x865.png 1536w, https:\/\/www.kreujlife.pl\/wp-content\/uploads\/2025\/09\/8-2-106x60.png 106w, https:\/\/www.kreujlife.pl\/wp-content\/uploads\/2025\/09\/8-2.png 1640w\" sizes=\"auto, (max-width: 1024px) 100vw, 1024px\" \/><\/figure>\n<\/figure>\n\n\n\n<figure class=\"wp-block-gallery has-nested-images columns-default is-cropped wp-block-gallery-5 is-layout-flex wp-block-gallery-is-layout-flex\">\n<figure class=\"wp-block-image size-large\"><img loading=\"lazy\" decoding=\"async\" width=\"1024\" height=\"577\" data-id=\"1237\" src=\"https:\/\/www.kreujlife.pl\/wp-content\/uploads\/2025\/09\/9-2-1024x577.png\" alt=\"\" class=\"wp-image-1237\" srcset=\"https:\/\/www.kreujlife.pl\/wp-content\/uploads\/2025\/09\/9-2-1024x577.png 1024w, https:\/\/www.kreujlife.pl\/wp-content\/uploads\/2025\/09\/9-2-300x169.png 300w, https:\/\/www.kreujlife.pl\/wp-content\/uploads\/2025\/09\/9-2-768x433.png 768w, https:\/\/www.kreujlife.pl\/wp-content\/uploads\/2025\/09\/9-2-1536x865.png 1536w, https:\/\/www.kreujlife.pl\/wp-content\/uploads\/2025\/09\/9-2-106x60.png 106w, https:\/\/www.kreujlife.pl\/wp-content\/uploads\/2025\/09\/9-2.png 1640w\" sizes=\"auto, (max-width: 1024px) 100vw, 1024px\" \/><\/figure>\n\n\n\n<figure class=\"wp-block-image size-large\"><img loading=\"lazy\" decoding=\"async\" width=\"1024\" height=\"577\" data-id=\"1236\" src=\"https:\/\/www.kreujlife.pl\/wp-content\/uploads\/2025\/09\/10-2-1024x577.png\" alt=\"\" class=\"wp-image-1236\" srcset=\"https:\/\/www.kreujlife.pl\/wp-content\/uploads\/2025\/09\/10-2-1024x577.png 1024w, https:\/\/www.kreujlife.pl\/wp-content\/uploads\/2025\/09\/10-2-300x169.png 300w, https:\/\/www.kreujlife.pl\/wp-content\/uploads\/2025\/09\/10-2-768x433.png 768w, https:\/\/www.kreujlife.pl\/wp-content\/uploads\/2025\/09\/10-2-1536x865.png 1536w, https:\/\/www.kreujlife.pl\/wp-content\/uploads\/2025\/09\/10-2-106x60.png 106w, https:\/\/www.kreujlife.pl\/wp-content\/uploads\/2025\/09\/10-2.png 1640w\" sizes=\"auto, (max-width: 1024px) 100vw, 1024px\" \/><\/figure>\n<\/figure>\n\n\n\n<figure class=\"wp-block-gallery has-nested-images columns-default is-cropped wp-block-gallery-6 is-layout-flex wp-block-gallery-is-layout-flex\">\n<figure class=\"wp-block-image size-large\"><img loading=\"lazy\" decoding=\"async\" width=\"1024\" height=\"577\" data-id=\"1239\" src=\"https:\/\/www.kreujlife.pl\/wp-content\/uploads\/2025\/09\/11-2-1024x577.png\" alt=\"\" class=\"wp-image-1239\" srcset=\"https:\/\/www.kreujlife.pl\/wp-content\/uploads\/2025\/09\/11-2-1024x577.png 1024w, https:\/\/www.kreujlife.pl\/wp-content\/uploads\/2025\/09\/11-2-300x169.png 300w, https:\/\/www.kreujlife.pl\/wp-content\/uploads\/2025\/09\/11-2-768x433.png 768w, https:\/\/www.kreujlife.pl\/wp-content\/uploads\/2025\/09\/11-2-1536x865.png 1536w, https:\/\/www.kreujlife.pl\/wp-content\/uploads\/2025\/09\/11-2-106x60.png 106w, https:\/\/www.kreujlife.pl\/wp-content\/uploads\/2025\/09\/11-2.png 1640w\" sizes=\"auto, (max-width: 1024px) 100vw, 1024px\" \/><\/figure>\n\n\n\n<figure class=\"wp-block-image size-large\"><img loading=\"lazy\" decoding=\"async\" width=\"1024\" height=\"577\" data-id=\"1238\" src=\"https:\/\/www.kreujlife.pl\/wp-content\/uploads\/2025\/09\/12-2-1024x577.png\" alt=\"\" class=\"wp-image-1238\" srcset=\"https:\/\/www.kreujlife.pl\/wp-content\/uploads\/2025\/09\/12-2-1024x577.png 1024w, https:\/\/www.kreujlife.pl\/wp-content\/uploads\/2025\/09\/12-2-300x169.png 300w, https:\/\/www.kreujlife.pl\/wp-content\/uploads\/2025\/09\/12-2-768x433.png 768w, https:\/\/www.kreujlife.pl\/wp-content\/uploads\/2025\/09\/12-2-1536x865.png 1536w, https:\/\/www.kreujlife.pl\/wp-content\/uploads\/2025\/09\/12-2-106x60.png 106w, https:\/\/www.kreujlife.pl\/wp-content\/uploads\/2025\/09\/12-2.png 1640w\" sizes=\"auto, (max-width: 1024px) 100vw, 1024px\" \/><\/figure>\n<\/figure>\n\n\n\n<hr class=\"wp-block-separator has-alpha-channel-opacity\"\/>\n\n\n\n<div class=\"wp-block-buttons is-content-justification-center is-layout-flex wp-container-core-buttons-is-layout-16018d1d wp-block-buttons-is-layout-flex\">\n<div class=\"wp-block-button is-style-outline is-style-outline--7\"><a class=\"wp-block-button__link wp-element-button\" href=\"https:\/\/www.kreujlife.pl\/wp-admin\/customize.php?url=https%3A%2F%2Fwww.kreujlife.pl%2F\">Umawiam si\u0119 na sesj\u0119<\/a><\/div>\n<\/div>\n\n\n\n<p>B\u0119dzie mi niezmiernie mi\u0142o je\u015bli zostawisz sw\u00f3j komentarz lub opini\u0119 po spotkaniach indywidualnych ze mn\u0105, refleksjach po warsztatach i wsp\u00f3\u0142pracy ze mn\u0105. Dzi\u0119kuj\u0119<\/p>\n\n\n\n<div class=\"wp-block-buttons is-content-justification-center is-layout-flex wp-container-core-buttons-is-layout-16018d1d wp-block-buttons-is-layout-flex\"><\/div>\n\n\n\n<p><\/p>\n","protected":false},"excerpt":{"rendered":"<p>Wasze opinie, za kt\u00f3re serdecznie dzi\u0119kuj\u0119. B\u0119dzie mi niezmiernie mi\u0142o je\u015bli zostawisz sw\u00f3j komentarz lub opini\u0119 po spotkaniach indywidualnych ze mn\u0105, refleksjach po warsztatach i wsp\u00f3\u0142pracy ze mn\u0105. Dzi\u0119kuj\u0119<\/p>\n","protected":false},"author":1,"featured_media":0,"parent":0,"menu_order":0,"comment_status":"open","ping_status":"closed","template":"","meta":{"footnotes":""},"class_list":["post-866","page","type-page","status-publish","hentry"],"_links":{"self":[{"href":"https:\/\/www.kreujlife.pl\/index.php\/wp-json\/wp\/v2\/pages\/866","targetHints":{"allow":["GET"]}}],"collection":[{"href":"https:\/\/www.kreujlife.pl\/index.php\/wp-json\/wp\/v2\/pages"}],"about":[{"href":"https:\/\/www.kreujlife.pl\/index.php\/wp-json\/wp\/v2\/types\/page"}],"author":[{"embeddable":true,"href":"https:\/\/www.kreujlife.pl\/index.php\/wp-json\/wp\/v2\/users\/1"}],"replies":[{"embeddable":true,"href":"https:\/\/www.kreujlife.pl\/index.php\/wp-json\/wp\/v2\/comments?post=866"}],"version-history":[{"count":4,"href":"https:\/\/www.kreujlife.pl\/index.php\/wp-json\/wp\/v2\/pages\/866\/revisions"}],"predecessor-version":[{"id":1338,"href":"https:\/\/www.kreujlife.pl\/index.php\/wp-json\/wp\/v2\/pages\/866\/revisions\/1338"}],"wp:attachment":[{"href":"https:\/\/www.kreujlife.pl\/index.php\/wp-json\/wp\/v2\/media?parent=866"}],"curies":[{"name":"wp","href":"https:\/\/api.w.org\/{rel}","templated":true}]}}