{"id":761,"date":"2024-11-21T12:43:29","date_gmt":"2024-11-21T12:43:29","guid":{"rendered":"https:\/\/www.kreujlife.pl\/?page_id=761"},"modified":"2025-09-30T18:32:58","modified_gmt":"2025-09-30T18:32:58","slug":"o-mnie","status":"publish","type":"page","link":"https:\/\/www.kreujlife.pl\/index.php\/o-mnie\/","title":{"rendered":"O mnie"},"content":{"rendered":"\n<div class=\"wp-block-media-text is-stacked-on-mobile\"><figure class=\"wp-block-media-text__media\"><img loading=\"lazy\" decoding=\"async\" width=\"1024\" height=\"576\" src=\"https:\/\/www.kreujlife.pl\/wp-content\/uploads\/2025\/09\/2-1024x576.png\" alt=\"\" class=\"wp-image-968 size-full\" srcset=\"https:\/\/www.kreujlife.pl\/wp-content\/uploads\/2025\/09\/2-1024x576.png 1024w, https:\/\/www.kreujlife.pl\/wp-content\/uploads\/2025\/09\/2-300x169.png 300w, https:\/\/www.kreujlife.pl\/wp-content\/uploads\/2025\/09\/2-768x432.png 768w, https:\/\/www.kreujlife.pl\/wp-content\/uploads\/2025\/09\/2-107x60.png 107w, https:\/\/www.kreujlife.pl\/wp-content\/uploads\/2025\/09\/2.png 1366w\" sizes=\"auto, (max-width: 1024px) 100vw, 1024px\" \/><\/figure><div class=\"wp-block-media-text__content\">\n<p>Wierz\u0119, \u017ce ka\u017cdy z nas ma w sobie <strong>w\u0142asny kompas \u017cycia<\/strong>, kt\u00f3ry prowadzi w stron\u0119 pe\u0142ni i harmonii. Moje do\u015bwiadczenia nauczy\u0142y mnie, \u017ce <strong>wszystko, czego potrzebujemy, nosimy w sobie<\/strong> \u2013 czasem tylko trzeba odwa\u017cy\u0107 si\u0119 zajrze\u0107 g\u0142\u0119biej.<\/p>\n\n\n\n<p>W swojej drodze napotka\u0142am wiele wyzwa\u0144 i blokad, kt\u00f3re wydawa\u0142y si\u0119 nie do rozwi\u0105zania. Przez uwa\u017cno\u015b\u0107, prac\u0119 z emocjami, RODEM i systemami, uda\u0142o mi si\u0119 je odkry\u0107, uporz\u0105dkowa\u0107 i znale\u017a\u0107 w\u0142asne miejsce, z kt\u00f3rego mog\u0119 \u017cy\u0107 \u015bwiadomie i w zgodzie z sob\u0105.<\/p>\n\n\n\n<p><\/p>\n\n\n\n<p><\/p>\n\n\n\n<hr class=\"wp-block-separator has-alpha-channel-opacity\"\/>\n<\/div><\/div>\n\n\n\n<div class=\"wp-block-media-text has-media-on-the-right is-stacked-on-mobile\"><div class=\"wp-block-media-text__content\">\n<p>Jestem Ewa Kapera.<br>Od zawsze fascynowa\u0142o mnie to, jak g\u0142\u0119boko jeste\u015bmy ze sob\u0105 powi\u0105zani \u2013 z rodzin\u0105, z przodkami, z lud\u017ami wok\u00f3\u0142 nas i jaki wp\u0142yw ma to na nasze \u017cycie, relacje, finanse, biznes.<br>Zrozumia\u0142am, \u017ce w tych po\u0142\u0105czeniach cz\u0119sto kryj\u0105 si\u0119 zar\u00f3wno nasze najwi\u0119ksze si\u0142y, jak i \u017ar\u00f3d\u0142a blokad, kt\u00f3re sprawiaj\u0105, \u017ce \u017cycie staje si\u0119 ci\u0119\u017ckie i przyt\u0142aczaj\u0105ce.<br>Moja droga nie by\u0142a prosta \u2013 do\u015bwiadcza\u0142am moment\u00f3w zw\u0105tpienia, zagubienia, poczucia, \u017ce utkn\u0119\u0142am w miejscu, a nawet wypalenia prywatnie i zawodowo.<\/p>\n\n\n\n<p>To w\u0142a\u015bnie wtedy odkry\u0142am, \u017ce&nbsp;<strong>odpowiedzi s\u0105 bli\u017cej, ni\u017c nam si\u0119 wydaje \u2013 w nas samych i w historii, kt\u00f3r\u0105 niesiemy.<\/strong><\/p>\n<\/div><figure class=\"wp-block-media-text__media\"><img loading=\"lazy\" decoding=\"async\" width=\"1024\" height=\"576\" src=\"https:\/\/www.kreujlife.pl\/wp-content\/uploads\/2025\/09\/drzewo-1024x576.png\" alt=\"\" class=\"wp-image-1253 size-full\" srcset=\"https:\/\/www.kreujlife.pl\/wp-content\/uploads\/2025\/09\/drzewo-1024x576.png 1024w, https:\/\/www.kreujlife.pl\/wp-content\/uploads\/2025\/09\/drzewo-300x169.png 300w, https:\/\/www.kreujlife.pl\/wp-content\/uploads\/2025\/09\/drzewo-768x432.png 768w, https:\/\/www.kreujlife.pl\/wp-content\/uploads\/2025\/09\/drzewo-107x60.png 107w, https:\/\/www.kreujlife.pl\/wp-content\/uploads\/2025\/09\/drzewo.png 1366w\" sizes=\"auto, (max-width: 1024px) 100vw, 1024px\" \/><\/figure><\/div>\n\n\n\n<hr class=\"wp-block-separator has-alpha-channel-opacity\"\/>\n\n\n\n<p><br>Dzi\u015b wspieram innych, aby r\u00f3wnie\u017c mogli dotrze\u0107 do swojego wewn\u0119trznego \u017ar\u00f3d\u0142a. Towarzysz\u0119 Ci, by\u015b mog\u0142a\/m\u00f3g\u0142 odnale\u017a\u0107 swoje w\u0142asne odpowiedzi, poczu\u0107 ulg\u0119, zbudowa\u0107 si\u0142\u0119 i w ko\u0144cu i\u015b\u0107 swoj\u0105 drog\u0105 \u2013 w zgodzie z sob\u0105.<\/p>\n\n\n\n<p><br><strong>Na ka\u017cdym etapie naszej wsp\u00f3lnej podr\u00f3\u017cy, otrzymasz ode mnie gar\u015b\u0107 potrzebnych Tobie narz\u0119dzi, technik i metod, kt\u00f3re pomog\u0105 Tobie pozby\u0107 si\u0119 blokuj\u0105cych ogranicze\u0144 i przekona\u0144. Naucz\u0119 Ci\u0119 tak\u017ce jak z nich efektywnie korzysta\u0107. Poka\u017c\u0119 te\u017c Tobie, jak u\u017cy\u0107 si\u0142y naszego umys\u0142u i serca, by tworzy\u0107 \u017cycie, jakiego pragniesz.<\/strong><\/p>\n\n\n\n<hr class=\"wp-block-separator has-alpha-channel-opacity\"\/>\n\n\n\n<h2 class=\"wp-block-heading\">Moja Historia<\/h2>\n\n\n\n<div class=\"wp-block-media-text is-stacked-on-mobile\"><figure class=\"wp-block-media-text__media\"><img loading=\"lazy\" decoding=\"async\" width=\"1024\" height=\"576\" src=\"https:\/\/www.kreujlife.pl\/wp-content\/uploads\/2025\/09\/balans-1-1024x576.png\" alt=\"\" class=\"wp-image-1259 size-full\" srcset=\"https:\/\/www.kreujlife.pl\/wp-content\/uploads\/2025\/09\/balans-1-1024x576.png 1024w, https:\/\/www.kreujlife.pl\/wp-content\/uploads\/2025\/09\/balans-1-300x169.png 300w, https:\/\/www.kreujlife.pl\/wp-content\/uploads\/2025\/09\/balans-1-768x432.png 768w, https:\/\/www.kreujlife.pl\/wp-content\/uploads\/2025\/09\/balans-1-107x60.png 107w, https:\/\/www.kreujlife.pl\/wp-content\/uploads\/2025\/09\/balans-1.png 1366w\" sizes=\"auto, (max-width: 1024px) 100vw, 1024px\" \/><\/figure><div class=\"wp-block-media-text__content\">\n<p>Jestem kobiet\u0105, kt\u00f3ra przesz\u0142a d\u0142ug\u0105 drog\u0119 \u2013 od wiecznej organizatorki (15 lat w korporacji w administracji i HR); \u201eZosi Samosi\u201d i tej, kt\u00f3ra zawsze dba\u0142a o wszystkich; roli ofiary- Tak, dobrze czytasz. D\u0142ugo w niej by\u0142am, nie zdaj\u0105c sobie sprawy, w\u0142a\u015bnie tak\u0105 rol\u0119 pod\u015bwiadomie przej\u0119\u0142am, mimo, \u017ce wydawa\u0142o mi si\u0119, \u017ce jest inaczej. \u2013 do \u017cycia w wi\u0119kszej lekko\u015bci, harmonii i zgodzie ze sob\u0105.<\/p>\n\n\n\n<p>D\u0142ugo \u017cy\u0142am w energii dzia\u0142ania, ratowania i brania wszystkiego na swoje barki. To do\u015bwiadczenie nauczy\u0142o mnie jednego: <strong>nie da si\u0119 wspiera\u0107 innych, je\u015bli samemu nie stoi si\u0119 mocno w swoim \u017cyciu<\/strong>.<\/p>\n<\/div><\/div>\n\n\n\n<hr class=\"wp-block-separator has-alpha-channel-opacity\"\/>\n\n\n\n<h2 class=\"wp-block-heading\"><strong>Kryzysy i momenty STOP<\/strong><\/h2>\n\n\n\n<p>Wiem, jak to jest si\u0119 po\u0142o\u017cy\u0107 i nie wiedzie\u0107, co dalej? Zastanawia\u0107 si\u0119, ,,Kim ja jestem?&#8221;, ,,co ja mam robi\u0107?&#8221;, ,,jaka jest moja misja&#8221; , ,,czy musz\u0119 mie\u0107 jak\u0105\u015b misj\u0119? Gdzie jest moja rado\u015b\u0107 i lekko\u015b\u0107?&#8221;<\/p>\n\n\n\n<div class=\"wp-block-media-text has-media-on-the-right is-stacked-on-mobile\"><div class=\"wp-block-media-text__content\">\n<p>Wiem, jak to jest wywr\u00f3ci\u0107 swoje \u017cycie do g\u00f3ry nogami.<\/p>\n\n\n\n<p>Znam uczucie osamotnienia w swojej podro\u017cy, nie zrozumienia i braku akceptacji, gdy podejmie si\u0119 decyzj\u0119: ,,ja chc\u0119 dla siebie inaczej&#8221;.<\/p>\n\n\n\n<p><\/p>\n<\/div><figure class=\"wp-block-media-text__media\"><img loading=\"lazy\" decoding=\"async\" width=\"1024\" height=\"576\" src=\"https:\/\/www.kreujlife.pl\/wp-content\/uploads\/2025\/09\/kryzys-1024x576.png\" alt=\"\" class=\"wp-image-1262 size-full\" srcset=\"https:\/\/www.kreujlife.pl\/wp-content\/uploads\/2025\/09\/kryzys-1024x576.png 1024w, https:\/\/www.kreujlife.pl\/wp-content\/uploads\/2025\/09\/kryzys-300x169.png 300w, https:\/\/www.kreujlife.pl\/wp-content\/uploads\/2025\/09\/kryzys-768x432.png 768w, https:\/\/www.kreujlife.pl\/wp-content\/uploads\/2025\/09\/kryzys-107x60.png 107w, https:\/\/www.kreujlife.pl\/wp-content\/uploads\/2025\/09\/kryzys.png 1366w\" sizes=\"auto, (max-width: 1024px) 100vw, 1024px\" \/><\/figure><\/div>\n\n\n\n<p>Znam przera\u017cenie, jak si\u0119 s\u0142yszy diagnozy stawiane przez lekarzy: Niedoczynno\u015b\u0107 tarczy, Hashimoto, Policystyczne jajniki, Insulinooporno\u015b\u0107. Wiem, te\u017c, \u017ce cia\u0142o m\u00f3wi w ten spos\u00f3b &#8211; jak daleko jeste\u015bmy od siebie.<\/p>\n\n\n\n<p>Wiem, te\u017c jak to jest by\u0107 po rozwodzie i prze\u017cy\u0107 \u017ca\u0142ob\u0119 po wszystkich marzeniach i planach.<\/p>\n\n\n\n<div class=\"wp-block-media-text is-stacked-on-mobile\"><figure class=\"wp-block-media-text__media\"><img loading=\"lazy\" decoding=\"async\" width=\"1024\" height=\"576\" src=\"https:\/\/www.kreujlife.pl\/wp-content\/uploads\/2025\/09\/choroby-1024x576.png\" alt=\"\" class=\"wp-image-1264 size-full\" srcset=\"https:\/\/www.kreujlife.pl\/wp-content\/uploads\/2025\/09\/choroby-1024x576.png 1024w, https:\/\/www.kreujlife.pl\/wp-content\/uploads\/2025\/09\/choroby-300x169.png 300w, https:\/\/www.kreujlife.pl\/wp-content\/uploads\/2025\/09\/choroby-768x432.png 768w, https:\/\/www.kreujlife.pl\/wp-content\/uploads\/2025\/09\/choroby-107x60.png 107w, https:\/\/www.kreujlife.pl\/wp-content\/uploads\/2025\/09\/choroby.png 1366w\" sizes=\"auto, (max-width: 1024px) 100vw, 1024px\" \/><\/figure><div class=\"wp-block-media-text__content\">\n<p>Znam \u017ca\u0142ob\u0119 po stracie upragnionego dziecka, gabinetu i jak firma ledwo prz\u0119dzie.<\/p>\n\n\n\n<p>Znam l\u0119k o przysz\u0142o\u015b\u0107.<\/p>\n\n\n\n<p>Stany depresyjne i obni\u017conego nastroju &#8211; o, tak!<\/p>\n\n\n\n<p>Szalej\u0105ce emocje oraz efekt zamro\u017cenia- prze\u017cy\u0142am na w\u0142asnej sk\u00f3rze.<\/p>\n\n\n\n<p>Znam wypalenie zawodowe od podszewki.<\/p>\n<\/div><\/div>\n\n\n\n<hr class=\"wp-block-separator has-alpha-channel-opacity\"\/>\n\n\n\n<h2 class=\"wp-block-heading\">Ale&#8230; <\/h2>\n\n\n\n<p>W\u0142a\u015bnie te wszystkie do\u015bwiadczenia sprawiaj\u0105, \u017ce potrafi\u0119 Ci\u0119 zrozumie\u0107. Postawi\u0107 si\u0119 w Twoim miejscu.<\/p>\n\n\n\n<p>One daj\u0105 mi si\u0142\u0119 i moc, do tego, co tworz\u0119.<\/p>\n\n\n\n<div class=\"wp-block-media-text is-stacked-on-mobile\"><figure class=\"wp-block-media-text__media\"><img loading=\"lazy\" decoding=\"async\" width=\"1024\" height=\"576\" src=\"https:\/\/www.kreujlife.pl\/wp-content\/uploads\/2025\/09\/wdzieczna-1024x576.png\" alt=\"\" class=\"wp-image-1271 size-full\" srcset=\"https:\/\/www.kreujlife.pl\/wp-content\/uploads\/2025\/09\/wdzieczna-1024x576.png 1024w, https:\/\/www.kreujlife.pl\/wp-content\/uploads\/2025\/09\/wdzieczna-300x169.png 300w, https:\/\/www.kreujlife.pl\/wp-content\/uploads\/2025\/09\/wdzieczna-768x432.png 768w, https:\/\/www.kreujlife.pl\/wp-content\/uploads\/2025\/09\/wdzieczna-107x60.png 107w, https:\/\/www.kreujlife.pl\/wp-content\/uploads\/2025\/09\/wdzieczna.png 1366w\" sizes=\"auto, (max-width: 1024px) 100vw, 1024px\" \/><\/figure><div class=\"wp-block-media-text__content\">\n<p>Jestem wdzi\u0119czn\u0105, za ka\u017cdy kryzys w moim \u017cyciu, poniewa\u017c on sprawi\u0142, \u017ce jestem autentyczn\u0105 sob\u0105 i robi\u0119, to co kocham i tak jak ja chc\u0119. Jestem BLI\u017bEJ SIEBIE. Jestem Ewa bez cudzych przekona\u0144, ogranicze\u0144 i l\u0119k\u00f3w w mojej g\u0142owie, kt\u00f3re m\u00f3wi\u0142y: nie wolno, nie mo\u017cesz, powinna\u015b, tak si\u0119 nie robi, wydziwiasz itd&#8230;<\/p>\n<\/div><\/div>\n\n\n\n<p>Wewn\u0119trzny Krytyk &#8211; opanowany i zaprzyja\u017aniony od lat.<\/p>\n\n\n\n<p>Choroby &#8211; nie ma po nich \u015bladu&#8230;W\u0142a\u015bnie te wszystkie do\u015bwiadczenia sprawiaj\u0105, \u017ce potrafi\u0119 Ci\u0119 zrozumie\u0107. Postawi\u0107 si\u0119 w Twoim miejscu.<\/p>\n\n\n\n<hr class=\"wp-block-separator has-alpha-channel-opacity\"\/>\n\n\n\n<h2 class=\"wp-block-heading has-text-align-left\"><strong>Kim jestem Dzi\u015b<\/strong><\/h2>\n\n\n\n<p>Dzi\u015b, jako Pedagog, Coach Rado\u015bci i Zmian, Trenerka Mentalna, Facylitator Ustawie\u0144 Systemowych wg. Berta Hellingera, Terapeutka Access Bars\u00ae, Facelift\u00ae oraz MTVSS\u00ae, Mistrzyni Kundalini Reiki, Refleksolog, Instruktorka Malarstwa Intuicyjnego i Jogi \u015amiechu, Instruktorka Jogi Nidy oraz w trakcie szkolenia Hatha Joga. Kobieta z 15 letnim sta\u017cem w jednej z najwi\u0119kszych korporacji we Wroc\u0142awiu (Administracja, Rekrutacja, HR, Produkcja), prowadz\u0119 w\u0142asn\u0105 praktyk\u0119 i firm\u0119 ale to nie tylko. Pod Krakowem stworzy\u0142am kameraln\u0105 Przestrze\u0144 do Regeneracji i odpoczynku Mindfulness i Wellbeing &#8211; <strong><a href=\"https:\/\/www.kreujlife.pl\/index.php\/noclegi-lesne-zacisze\/\">Le\u015bne Zacisze<\/a>.<\/strong><\/p>\n\n\n\n<div class=\"wp-block-media-text is-stacked-on-mobile\"><figure class=\"wp-block-media-text__media\"><img loading=\"lazy\" decoding=\"async\" width=\"1024\" height=\"576\" src=\"https:\/\/www.kreujlife.pl\/wp-content\/uploads\/2025\/09\/harmony-1024x576.png\" alt=\"\" class=\"wp-image-1273 size-full\" srcset=\"https:\/\/www.kreujlife.pl\/wp-content\/uploads\/2025\/09\/harmony-1024x576.png 1024w, https:\/\/www.kreujlife.pl\/wp-content\/uploads\/2025\/09\/harmony-300x169.png 300w, https:\/\/www.kreujlife.pl\/wp-content\/uploads\/2025\/09\/harmony-768x432.png 768w, https:\/\/www.kreujlife.pl\/wp-content\/uploads\/2025\/09\/harmony-107x60.png 107w, https:\/\/www.kreujlife.pl\/wp-content\/uploads\/2025\/09\/harmony.png 1366w\" sizes=\"auto, (max-width: 1024px) 100vw, 1024px\" \/><\/figure><div class=\"wp-block-media-text__content\">\n<p>Organizuj\u0119 warsztaty, kursy oraz wyjazdy rozwojowe. Integruj\u0119 Ludzi i buduj\u0119 Przestrze\u0144 opart\u0105 na Bezpiecze\u0144stwie i Zaufaniu. Na tym nie przestaj\u0119 i wci\u0105\u017c realizuj\u0119 kolejne marzenia. Jednym z nich jest projekt <strong><a href=\"http:\/\/www.metaforyszczescia.pl\"> Metafory Szcz\u0119\u015bcia<\/a><\/strong> &#8211; zajrzyj:)<\/p>\n\n\n\n<p>Dzi\u015b jestem w miejscu, w kt\u00f3rym mog\u0119 po\u0142\u0105czy\u0107 moj\u0105 pasj\u0119 z misj\u0105. Kocham to, co robi\u0119, i wiem, \u017ce ka\u017cda\/y z nas zas\u0142uguje na to, by czu\u0107 si\u0119 spe\u0142niona\/y, spokojny i pe\u0142na\/y wewn\u0119trznej harmonii.<\/p>\n<\/div><\/div>\n\n\n\n<hr class=\"wp-block-separator has-alpha-channel-opacity\"\/>\n\n\n\n<h2 class=\"wp-block-heading\">Prywatnie<\/h2>\n\n\n\n<div class=\"wp-block-media-text has-media-on-the-right is-stacked-on-mobile\"><div class=\"wp-block-media-text__content\">\n<p>Prywatnie- buduj\u0119 od 3 lat Now\u0105 Rodzin\u0119. Mam dwa wspania\u0142e pieski, kt\u00f3re cz\u0119sto mi towarzysz\u0105 w pracy. Sukcesywnie spe\u0142niam swoje marzenia, pracuj\u0119 ze sob\u0105, podr\u00f3\u017cuj\u0119 i jestem wdzi\u0119czna za to, co mam:) Tego r\u00f3wnie\u017c \u017cycz\u0119 Tobie &#8211; by\u015b by\u0142\/by\u0142a szcz\u0119\u015bliwa bez ci\u0119\u017car\u00f3w, kt\u00f3re do Ciebie nie nale\u017c\u0105.<\/p>\n<\/div><figure class=\"wp-block-media-text__media\"><img loading=\"lazy\" decoding=\"async\" width=\"1024\" height=\"576\" src=\"https:\/\/www.kreujlife.pl\/wp-content\/uploads\/2025\/09\/smakuje--1024x576.png\" alt=\"\" class=\"wp-image-1269 size-full\" srcset=\"https:\/\/www.kreujlife.pl\/wp-content\/uploads\/2025\/09\/smakuje--1024x576.png 1024w, https:\/\/www.kreujlife.pl\/wp-content\/uploads\/2025\/09\/smakuje--300x169.png 300w, https:\/\/www.kreujlife.pl\/wp-content\/uploads\/2025\/09\/smakuje--768x432.png 768w, https:\/\/www.kreujlife.pl\/wp-content\/uploads\/2025\/09\/smakuje--107x60.png 107w, https:\/\/www.kreujlife.pl\/wp-content\/uploads\/2025\/09\/smakuje-.png 1366w\" sizes=\"auto, (max-width: 1024px) 100vw, 1024px\" \/><\/figure><\/div>\n\n\n\n<hr class=\"wp-block-separator has-alpha-channel-opacity\"\/>\n\n\n\n<p class=\"has-text-align-center\"><strong>Je\u015bli czujesz, \u017ce jeste\u015b gotowa\/y na zmiany, by odzyska\u0107 r\u00f3wnowag\u0119, odnale\u017a\u0107 rado\u015b\u0107 i \u017cy\u0107 w zgodzie ze sob\u0105, zapraszam Ci\u0119 do wsp\u00f3lnej podr\u00f3\u017cy.<\/strong><\/p>\n\n\n\n<figure class=\"wp-block-image size-large\"><a href=\"https:\/\/www.kreujlife.pl\/index.php\/bezplatna-konsultacja\/\"><img loading=\"lazy\" decoding=\"async\" width=\"1024\" height=\"576\" src=\"https:\/\/www.kreujlife.pl\/wp-content\/uploads\/2025\/09\/kawka-2-1024x576.png\" alt=\"\" class=\"wp-image-1270\" srcset=\"https:\/\/www.kreujlife.pl\/wp-content\/uploads\/2025\/09\/kawka-2-1024x576.png 1024w, https:\/\/www.kreujlife.pl\/wp-content\/uploads\/2025\/09\/kawka-2-300x169.png 300w, https:\/\/www.kreujlife.pl\/wp-content\/uploads\/2025\/09\/kawka-2-768x432.png 768w, https:\/\/www.kreujlife.pl\/wp-content\/uploads\/2025\/09\/kawka-2-107x60.png 107w, https:\/\/www.kreujlife.pl\/wp-content\/uploads\/2025\/09\/kawka-2.png 1366w\" sizes=\"auto, (max-width: 1024px) 100vw, 1024px\" \/><\/a><\/figure>\n\n\n\n<p>Mo\u017cesz mnie pozna\u0107 osobi\u015bcie na niezobowi\u0105zuj\u0105cej kawie online, kt\u00f3ra trwa ok. 20 min. Porozmawiamy o tym, z czym si\u0119 mierzysz w Tu i Teraz i co mo\u017cemy dla Ciebie zrobi\u0107. Kawka jest bezp\u0142atna i do niczego niezobowi\u0105zuj\u0105ca a mo\u017ce nada\u0107 odrobiny \u015bwiat\u0142a na twojej Drodze do Siebie.<\/p>\n\n\n<style id=\"wpforms-css-vars-144-block-4bb0b4ed-2aa9-4b6d-bdfe-631372af7485\">\n\t\t\t\t#wpforms-144.wpforms-block-4bb0b4ed-2aa9-4b6d-bdfe-631372af7485 {\n\t\t\t\t--wpforms-field-size-input-height: 43px;\n--wpforms-field-size-input-spacing: 15px;\n--wpforms-field-size-font-size: 16px;\n--wpforms-field-size-line-height: 19px;\n--wpforms-field-size-padding-h: 14px;\n--wpforms-field-size-checkbox-size: 16px;\n--wpforms-field-size-sublabel-spacing: 5px;\n--wpforms-field-size-icon-size: 1;\n--wpforms-label-size-font-size: 16px;\n--wpforms-label-size-line-height: 19px;\n--wpforms-label-size-sublabel-font-size: 14px;\n--wpforms-label-size-sublabel-line-height: 17px;\n--wpforms-button-size-font-size: 17px;\n--wpforms-button-size-height: 41px;\n--wpforms-button-size-padding-h: 15px;\n--wpforms-button-size-margin-top: 10px;\n\t\t\t}\n\t\t\t<\/style>","protected":false},"excerpt":{"rendered":"<p>Jestem Ewa Kapera.Od zawsze fascynowa\u0142o mnie to, jak g\u0142\u0119boko jeste\u015bmy ze sob\u0105 powi\u0105zani \u2013 z rodzin\u0105, z przodkami, z lud\u017ami wok\u00f3\u0142 nas i jaki wp\u0142yw ma to na nasze \u017cycie, relacje, finanse, biznes.Zrozumia\u0142am, \u017ce w tych po\u0142\u0105czeniach cz\u0119sto kryj\u0105 si\u0119 zar\u00f3wno nasze najwi\u0119ksze si\u0142y, jak i \u017ar\u00f3d\u0142a blokad, kt\u00f3re sprawiaj\u0105, \u017ce \u017cycie staje si\u0119 ci\u0119\u017ckie &hellip; <\/p>\n","protected":false},"author":1,"featured_media":0,"parent":0,"menu_order":0,"comment_status":"closed","ping_status":"closed","template":"","meta":{"footnotes":""},"class_list":["post-761","page","type-page","status-publish","hentry"],"_links":{"self":[{"href":"https:\/\/www.kreujlife.pl\/index.php\/wp-json\/wp\/v2\/pages\/761","targetHints":{"allow":["GET"]}}],"collection":[{"href":"https:\/\/www.kreujlife.pl\/index.php\/wp-json\/wp\/v2\/pages"}],"about":[{"href":"https:\/\/www.kreujlife.pl\/index.php\/wp-json\/wp\/v2\/types\/page"}],"author":[{"embeddable":true,"href":"https:\/\/www.kreujlife.pl\/index.php\/wp-json\/wp\/v2\/users\/1"}],"replies":[{"embeddable":true,"href":"https:\/\/www.kreujlife.pl\/index.php\/wp-json\/wp\/v2\/comments?post=761"}],"version-history":[{"count":20,"href":"https:\/\/www.kreujlife.pl\/index.php\/wp-json\/wp\/v2\/pages\/761\/revisions"}],"predecessor-version":[{"id":1274,"href":"https:\/\/www.kreujlife.pl\/index.php\/wp-json\/wp\/v2\/pages\/761\/revisions\/1274"}],"wp:attachment":[{"href":"https:\/\/www.kreujlife.pl\/index.php\/wp-json\/wp\/v2\/media?parent=761"}],"curies":[{"name":"wp","href":"https:\/\/api.w.org\/{rel}","templated":true}]}}