{"id":147,"date":"2024-02-05T10:24:58","date_gmt":"2024-02-05T10:24:58","guid":{"rendered":"https:\/\/www.kreujlife.pl\/?page_id=147"},"modified":"2025-11-18T16:12:11","modified_gmt":"2025-11-18T16:12:11","slug":"kontakt-do-mnie","status":"publish","type":"page","link":"https:\/\/www.kreujlife.pl\/index.php\/kontakt-do-mnie\/","title":{"rendered":"Kontakt do mnie"},"content":{"rendered":"\n<p>Chcesz um\u00f3wi\u0107 si\u0119 na sesj\u0119, to prosz\u0119 wype\u0142nij formularz kontaktowy lub zadzwo\u0144\/wy\u015blij sms. Wska\u017c prosz\u0119 preferowan\u0105 form\u0119 wsp\u00f3\u0142pracy (sesje na \u017cywo, indywidualne, grupowe, czy online).<\/p>\n\n\n\n<p>Je\u015bli nie mo\u017cesz si\u0119 zdecydowa\u0107 lub masz pytania- pami\u0119taj o mo\u017cliwo\u015bci bezp\u0142atnej <a href=\"https:\/\/www.kreujlife.pl\/\" data-type=\"page\" data-id=\"749\">kawki online.<\/a><\/p>\n\n\n\n<p><strong>Dane do kontaktu:<\/strong><\/p>\n\n\n\n<p><strong>Tel. +48 664 896 704<\/strong><\/p>\n\n\n\n<p><strong>E-mail: kreujlifepl@gmail.com<\/strong><\/p>\n\n\n\n<p>Obecnie przyjmuj\u0119 w takich miastach: Krak\u00f3w, My\u015blenice, Dobczyce, Wieliczka.<\/p>\n\n\n<style id=\"wpforms-css-vars-507-block-38cad337-0316-4324-9f58-ec2a6c9dbcbd\">\n\t\t\t\t#wpforms-507.wpforms-block-38cad337-0316-4324-9f58-ec2a6c9dbcbd {\n\t\t\t\t--wpforms-field-size-input-height: 43px;\n--wpforms-field-size-input-spacing: 15px;\n--wpforms-field-size-font-size: 16px;\n--wpforms-field-size-line-height: 19px;\n--wpforms-field-size-padding-h: 14px;\n--wpforms-field-size-checkbox-size: 16px;\n--wpforms-field-size-sublabel-spacing: 5px;\n--wpforms-field-size-icon-size: 1;\n--wpforms-label-size-font-size: 16px;\n--wpforms-label-size-line-height: 19px;\n--wpforms-label-size-sublabel-font-size: 14px;\n--wpforms-label-size-sublabel-line-height: 17px;\n--wpforms-button-size-font-size: 17px;\n--wpforms-button-size-height: 41px;\n--wpforms-button-size-padding-h: 15px;\n--wpforms-button-size-margin-top: 10px;\n\t\t\t}\n\t\t\t<\/style><div class=\"wpforms-container wpforms-container-full wpforms-block wpforms-block-38cad337-0316-4324-9f58-ec2a6c9dbcbd wpforms-render-modern\" id=\"wpforms-507\"><form id=\"wpforms-form-507\" class=\"wpforms-validate wpforms-form wpforms-ajax-form\" data-formid=\"507\" method=\"post\" enctype=\"multipart\/form-data\" action=\"\/index.php\/wp-json\/wp\/v2\/pages\/147\" data-token=\"50a1ac2b8f12b63bcb2d6ae75e37664f\" data-token-time=\"1776426305\"><noscript class=\"wpforms-error-noscript\">Aby wype\u0142ni\u0107 ten formularz, w\u0142\u0105cz obs\u0142ug\u0119 JavaScript w przegl\u0105darce.<\/noscript><div id=\"wpforms-error-noscript\" style=\"display: none;\">Aby wype\u0142ni\u0107 ten formularz, w\u0142\u0105cz obs\u0142ug\u0119 JavaScript w przegl\u0105darce.<\/div><div class=\"wpforms-field-container\"><div id=\"wpforms-507-field_1-container\" class=\"wpforms-field wpforms-field-name\" data-field-id=\"1\"><fieldset><legend class=\"wpforms-field-label\">Imi\u0119 i nazwisko <span class=\"wpforms-required-label\" aria-hidden=\"true\">*<\/span><\/legend><div class=\"wpforms-field-row wpforms-field-medium\"><div class=\"wpforms-field-row-block wpforms-first wpforms-one-half\"><input type=\"text\" id=\"wpforms-507-field_1\" class=\"wpforms-field-name-first wpforms-field-required\" name=\"wpforms[fields][1][first]\" aria-errormessage=\"wpforms-507-field_1-error\" required><label for=\"wpforms-507-field_1\" class=\"wpforms-field-sublabel after\">Pierwszy<\/label><\/div><div class=\"wpforms-field-row-block wpforms-one-half\"><input type=\"text\" id=\"wpforms-507-field_1-last\" class=\"wpforms-field-name-last wpforms-field-required\" name=\"wpforms[fields][1][last]\" aria-errormessage=\"wpforms-507-field_1-last-error\" required><label for=\"wpforms-507-field_1-last\" class=\"wpforms-field-sublabel after\">Ostatni<\/label><\/div><\/div><\/fieldset><\/div>\t\t<div id=\"wpforms-507-field_4-container\"\n\t\t\tclass=\"wpforms-field wpforms-field-text\"\n\t\t\tdata-field-type=\"text\"\n\t\t\tdata-field-id=\"4\"\n\t\t\t>\n\t\t\t<label class=\"wpforms-field-label\" for=\"wpforms-507-field_4\" >Adres nazwisko lub<\/label>\n\t\t\t<input type=\"text\" id=\"wpforms-507-field_4\" class=\"wpforms-field-medium\" name=\"wpforms[fields][4]\" >\n\t\t<\/div>\n\t\t<div id=\"wpforms-507-field_2-container\" class=\"wpforms-field wpforms-field-email\" data-field-id=\"2\"><label class=\"wpforms-field-label\" for=\"wpforms-507-field_2\">Adres e-mail <span class=\"wpforms-required-label\" aria-hidden=\"true\">*<\/span><\/label><input type=\"email\" id=\"wpforms-507-field_2\" class=\"wpforms-field-medium wpforms-field-required\" name=\"wpforms[fields][2]\" spellcheck=\"false\" aria-errormessage=\"wpforms-507-field_2-error\" required><\/div><div id=\"wpforms-507-field_3-container\" class=\"wpforms-field wpforms-field-textarea\" data-field-id=\"3\"><label class=\"wpforms-field-label\" for=\"wpforms-507-field_3\">Komentarz lub wiadomo\u015b\u0107<\/label><textarea id=\"wpforms-507-field_3\" class=\"wpforms-field-medium\" name=\"wpforms[fields][3]\" aria-errormessage=\"wpforms-507-field_3-error\" ><\/textarea><\/div><script>\n\t\t\t\t( function() {\n\t\t\t\t\tconst style = document.createElement( 'style' );\n\t\t\t\t\tstyle.appendChild( document.createTextNode( '#wpforms-507-field_4-container { position: absolute !important; overflow: hidden !important; display: inline !important; height: 1px !important; width: 1px !important; z-index: -1000 !important; padding: 0 !important; } #wpforms-507-field_4-container input { visibility: hidden; } #wpforms-conversational-form-page #wpforms-507-field_4-container label { counter-increment: none; }' ) );\n\t\t\t\t\tdocument.head.appendChild( style );\n\t\t\t\t\tdocument.currentScript?.remove();\n\t\t\t\t} )();\n\t\t\t<\/script><\/div><!-- .wpforms-field-container --><div class=\"wpforms-submit-container\" ><input type=\"hidden\" name=\"wpforms[id]\" value=\"507\"><input type=\"hidden\" name=\"page_title\" value=\"\"><input type=\"hidden\" name=\"page_url\" value=\"https:\/\/www.kreujlife.pl\/index.php\/wp-json\/wp\/v2\/pages\/147\"><input type=\"hidden\" name=\"url_referer\" value=\"\"><button type=\"submit\" name=\"wpforms[submit]\" id=\"wpforms-submit-507\" class=\"wpforms-submit\" data-alt-text=\"Wysy\u0142anie...\" data-submit-text=\"Prze\u015blij\" aria-live=\"assertive\" value=\"wpforms-submit\">Prze\u015blij<\/button><img loading=\"lazy\" decoding=\"async\" src=\"https:\/\/www.kreujlife.pl\/wp-content\/plugins\/wpforms-lite\/assets\/images\/submit-spin.svg\" class=\"wpforms-submit-spinner\" style=\"display: none;\" width=\"26\" height=\"26\" alt=\"Wczytywanie\"><\/div><\/form><\/div>  <!-- .wpforms-container -->\n\n\n<p><a href=\"https:\/\/www.kreujlife.pl\/index.php\/portfolio\/o-mnie-2\/\">Ewa Kapera<\/a><\/p>\n\n\n\n<hr class=\"wp-block-separator has-css-opacity is-style-default\"\/>\n\n\n\n<figure class=\"wp-block-gallery aligncenter has-nested-images columns-default is-cropped wp-block-gallery-1 is-layout-flex wp-block-gallery-is-layout-flex\">\n<figure class=\"wp-block-image size-full is-style-rounded\"><img loading=\"lazy\" decoding=\"async\" width=\"1366\" height=\"768\" data-id=\"1244\" src=\"https:\/\/www.kreujlife.pl\/wp-content\/uploads\/2025\/09\/ustawienia.png\" alt=\"\" class=\"wp-image-1244\" srcset=\"https:\/\/www.kreujlife.pl\/wp-content\/uploads\/2025\/09\/ustawienia.png 1366w, https:\/\/www.kreujlife.pl\/wp-content\/uploads\/2025\/09\/ustawienia-300x169.png 300w, https:\/\/www.kreujlife.pl\/wp-content\/uploads\/2025\/09\/ustawienia-1024x576.png 1024w, https:\/\/www.kreujlife.pl\/wp-content\/uploads\/2025\/09\/ustawienia-768x432.png 768w, https:\/\/www.kreujlife.pl\/wp-content\/uploads\/2025\/09\/ustawienia-107x60.png 107w\" sizes=\"auto, (max-width: 1366px) 100vw, 1366px\" \/><\/figure>\n<\/figure>\n\n\n\n<blockquote class=\"wp-block-quote has-text-align-center is-style-large is-layout-flow wp-block-quote-is-layout-flow\">\n<p class=\"has-white-color has-blush-light-purple-gradient-background has-text-color has-background has-link-color has-medium-font-size wp-elements-12e20a0b064692881d091ec59f7a8b57\"><span style=\"text-decoration: underline;\"><em>&#8222;Prawdziwy sukces to spe\u0142nienie cel\u00f3w, kt\u00f3re daj\u0105 nam rado\u015b\u0107 i poczucie spe\u0142nienia.&#8221;.<\/em><\/span> \u2014 Zig Ziglar<\/p>\n<\/blockquote>\n\n\n\n<div class=\"wp-block-buttons is-content-justification-center is-layout-flex wp-container-core-buttons-is-layout-16018d1d wp-block-buttons-is-layout-flex\">\n<div class=\"wp-block-button is-style-outline is-style-outline--2\"><a class=\"wp-block-button__link wp-element-button\" href=\"https:\/\/www.kreujlife.pl\/\">Powr\u00f3t na g\u0142\u00f3wn\u0105<\/a><\/div>\n<\/div>\n\n\n\n<hr class=\"wp-block-separator has-css-opacity is-style-default\"\/>\n\n\n\n<p><\/p>\n","protected":false},"excerpt":{"rendered":"<p>Chcesz um\u00f3wi\u0107 si\u0119 na sesj\u0119, to prosz\u0119 wype\u0142nij formularz kontaktowy lub zadzwo\u0144\/wy\u015blij sms. Wska\u017c prosz\u0119 preferowan\u0105 form\u0119 wsp\u00f3\u0142pracy (sesje na \u017cywo, indywidualne, grupowe, czy online). Je\u015bli nie mo\u017cesz si\u0119 zdecydowa\u0107 lub masz pytania- pami\u0119taj o mo\u017cliwo\u015bci bezp\u0142atnej kawki online. Dane do kontaktu: Tel. +48 664 896 704 E-mail: kreujlifepl@gmail.com Obecnie przyjmuj\u0119 w takich miastach: Krak\u00f3w, &hellip; <\/p>\n","protected":false},"author":1,"featured_media":0,"parent":0,"menu_order":0,"comment_status":"closed","ping_status":"closed","template":"","meta":{"footnotes":""},"class_list":["post-147","page","type-page","status-publish","hentry"],"_links":{"self":[{"href":"https:\/\/www.kreujlife.pl\/index.php\/wp-json\/wp\/v2\/pages\/147","targetHints":{"allow":["GET"]}}],"collection":[{"href":"https:\/\/www.kreujlife.pl\/index.php\/wp-json\/wp\/v2\/pages"}],"about":[{"href":"https:\/\/www.kreujlife.pl\/index.php\/wp-json\/wp\/v2\/types\/page"}],"author":[{"embeddable":true,"href":"https:\/\/www.kreujlife.pl\/index.php\/wp-json\/wp\/v2\/users\/1"}],"replies":[{"embeddable":true,"href":"https:\/\/www.kreujlife.pl\/index.php\/wp-json\/wp\/v2\/comments?post=147"}],"version-history":[{"count":10,"href":"https:\/\/www.kreujlife.pl\/index.php\/wp-json\/wp\/v2\/pages\/147\/revisions"}],"predecessor-version":[{"id":1361,"href":"https:\/\/www.kreujlife.pl\/index.php\/wp-json\/wp\/v2\/pages\/147\/revisions\/1361"}],"wp:attachment":[{"href":"https:\/\/www.kreujlife.pl\/index.php\/wp-json\/wp\/v2\/media?parent=147"}],"curies":[{"name":"wp","href":"https:\/\/api.w.org\/{rel}","templated":true}]}}