{"id":1248,"date":"2025-09-30T10:48:58","date_gmt":"2025-09-30T10:48:58","guid":{"rendered":"https:\/\/www.kreujlife.pl\/?page_id=1248"},"modified":"2025-11-18T16:29:08","modified_gmt":"2025-11-18T16:29:08","slug":"bezplatna-konsultacja","status":"publish","type":"page","link":"https:\/\/www.kreujlife.pl\/index.php\/bezplatna-konsultacja\/","title":{"rendered":"Bezp\u0142atna konsultacja"},"content":{"rendered":"\n<p>Zapraszam Ci\u0119 na&nbsp;<strong>bezp\u0142atn\u0105, niezobowi\u0105zuj\u0105c\u0105 kaw\u0119 online<\/strong>&nbsp;\u2013 30 minut, podczas kt\u00f3rych mo\u017cemy si\u0119 wzajemnie pozna\u0107. To czas, by porozmawia\u0107 o tym, co dzi\u015b jest dla Ciebie najwa\u017cniejsze. Ch\u0119tnie pomog\u0119, wyja\u015bni\u0119 i wyt\u0142umacz\u0119 wszelkie w\u0105tpliwo\u015bci.<\/p>\n\n\n\n<div class=\"wp-block-buttons is-content-justification-center is-layout-flex wp-container-core-buttons-is-layout-16018d1d wp-block-buttons-is-layout-flex\">\n<div class=\"wp-block-button is-style-outline is-style-outline--1\"><a class=\"wp-block-button__link wp-element-button\" href=\"https:\/\/www.kreujlife.pl\/index.php\/kontakt-do-mnie\/\">Odbieram<\/a><\/div>\n<\/div>\n\n\n\n<figure class=\"wp-block-image size-large\"><img loading=\"lazy\" decoding=\"async\" width=\"1024\" height=\"576\" src=\"https:\/\/www.kreujlife.pl\/wp-content\/uploads\/2025\/09\/kawka-1-1024x576.png\" alt=\"\" class=\"wp-image-1249\" srcset=\"https:\/\/www.kreujlife.pl\/wp-content\/uploads\/2025\/09\/kawka-1-1024x576.png 1024w, https:\/\/www.kreujlife.pl\/wp-content\/uploads\/2025\/09\/kawka-1-300x169.png 300w, https:\/\/www.kreujlife.pl\/wp-content\/uploads\/2025\/09\/kawka-1-768x432.png 768w, https:\/\/www.kreujlife.pl\/wp-content\/uploads\/2025\/09\/kawka-1-107x60.png 107w, https:\/\/www.kreujlife.pl\/wp-content\/uploads\/2025\/09\/kawka-1.png 1366w\" sizes=\"auto, (max-width: 1024px) 100vw, 1024px\" \/><\/figure>\n","protected":false},"excerpt":{"rendered":"<p>Zapraszam Ci\u0119 na&nbsp;bezp\u0142atn\u0105, niezobowi\u0105zuj\u0105c\u0105 kaw\u0119 online&nbsp;\u2013 30 minut, podczas kt\u00f3rych mo\u017cemy si\u0119 wzajemnie pozna\u0107. To czas, by porozmawia\u0107 o tym, co dzi\u015b jest dla Ciebie najwa\u017cniejsze. Ch\u0119tnie pomog\u0119, wyja\u015bni\u0119 i wyt\u0142umacz\u0119 wszelkie w\u0105tpliwo\u015bci.<\/p>\n","protected":false},"author":1,"featured_media":0,"parent":0,"menu_order":0,"comment_status":"closed","ping_status":"closed","template":"","meta":{"footnotes":""},"class_list":["post-1248","page","type-page","status-publish","hentry"],"_links":{"self":[{"href":"https:\/\/www.kreujlife.pl\/index.php\/wp-json\/wp\/v2\/pages\/1248","targetHints":{"allow":["GET"]}}],"collection":[{"href":"https:\/\/www.kreujlife.pl\/index.php\/wp-json\/wp\/v2\/pages"}],"about":[{"href":"https:\/\/www.kreujlife.pl\/index.php\/wp-json\/wp\/v2\/types\/page"}],"author":[{"embeddable":true,"href":"https:\/\/www.kreujlife.pl\/index.php\/wp-json\/wp\/v2\/users\/1"}],"replies":[{"embeddable":true,"href":"https:\/\/www.kreujlife.pl\/index.php\/wp-json\/wp\/v2\/comments?post=1248"}],"version-history":[{"count":2,"href":"https:\/\/www.kreujlife.pl\/index.php\/wp-json\/wp\/v2\/pages\/1248\/revisions"}],"predecessor-version":[{"id":1365,"href":"https:\/\/www.kreujlife.pl\/index.php\/wp-json\/wp\/v2\/pages\/1248\/revisions\/1365"}],"wp:attachment":[{"href":"https:\/\/www.kreujlife.pl\/index.php\/wp-json\/wp\/v2\/media?parent=1248"}],"curies":[{"name":"wp","href":"https:\/\/api.w.org\/{rel}","templated":true}]}}