{"id":1125,"date":"2025-09-27T10:03:32","date_gmt":"2025-09-27T10:03:32","guid":{"rendered":"https:\/\/www.kreujlife.pl\/?page_id=1125"},"modified":"2025-10-30T10:53:38","modified_gmt":"2025-10-30T10:53:38","slug":"grupowe-ustawienia-systemowe","status":"publish","type":"page","link":"https:\/\/www.kreujlife.pl\/index.php\/grupowe-ustawienia-systemowe\/","title":{"rendered":"Grupowe Ustawienia Systemowe"},"content":{"rendered":"\n<div class=\"wp-block-media-text has-media-on-the-right is-stacked-on-mobile\"><div class=\"wp-block-media-text__content\">\n<p>Ustawienia grupowe to wyj\u0105tkowa przestrze\u0144, w kt\u00f3rej spotykamy si\u0119, by <strong>pracowa\u0107 nad sob\u0105 poprzez do\u015bwiadczenie wsp\u00f3lnoty i dynamik systemowych<\/strong>.<\/p>\n\n\n\n<p>Podczas warsztatu mo\u017cesz:<\/p>\n\n\n\n<ul class=\"wp-block-list\">\n<li><strong>Wymieni\u0107 si\u0119 do\u015bwiadczeniami<\/strong> z innymi uczestnikami i poczu\u0107, \u017ce nie jeste\u015b sama\/sam w swoich wyzwaniach.<\/li>\n\n\n\n<li><strong>Odkry\u0107 wzorce<\/strong>, kt\u00f3re wp\u0142ywaj\u0105 na Twoje \u017cycie \u2013 zar\u00f3wno w relacjach, jak i w pracy.<\/li>\n\n\n\n<li><strong>Zyska\u0107 wsparcie i inspiracj\u0119<\/strong> do codziennych zmian, obserwuj\u0105c procesy zachodz\u0105ce tak\u017ce u innych.<\/li>\n<\/ul>\n<\/div><figure class=\"wp-block-media-text__media\"><img loading=\"lazy\" decoding=\"async\" width=\"1024\" height=\"576\" src=\"https:\/\/www.kreujlife.pl\/wp-content\/uploads\/2025\/09\/grupa-1024x576.png\" alt=\"\" class=\"wp-image-984 size-full\" srcset=\"https:\/\/www.kreujlife.pl\/wp-content\/uploads\/2025\/09\/grupa-1024x576.png 1024w, https:\/\/www.kreujlife.pl\/wp-content\/uploads\/2025\/09\/grupa-300x169.png 300w, https:\/\/www.kreujlife.pl\/wp-content\/uploads\/2025\/09\/grupa-768x432.png 768w, https:\/\/www.kreujlife.pl\/wp-content\/uploads\/2025\/09\/grupa-107x60.png 107w, https:\/\/www.kreujlife.pl\/wp-content\/uploads\/2025\/09\/grupa.png 1366w\" sizes=\"auto, (max-width: 1024px) 100vw, 1024px\" \/><\/figure><\/div>\n\n\n\n<h2 class=\"wp-block-heading\">Czym s\u0105 Ustawienia Systemowe?<\/h2>\n\n\n\n<p><strong>Ustawienia Systemowe<\/strong>, znane r\u00f3wnie\u017c jako <strong>Ustawienia Rodzinne<\/strong>, to metoda terapeutyczna opracowana przez <strong>Berta Hellingera<\/strong>, kt\u00f3ra pozwala odkry\u0107 ukryte wzorce w rodzinie i systemach spo\u0142ecznych.<\/p>\n\n\n\n<p>Ka\u017cda rodzina i ka\u017cdy system maj\u0105 swoje w\u0142asne prawa i dynamik\u0119. Nie\u015bwiadome wzorce, konflikty lub traumy mog\u0105 wp\u0142ywa\u0107 na Twoje \u017cycie, zdrowie, relacje i poczucie szcz\u0119\u015bcia. Ustawienia pomagaj\u0105 te wzorce <strong>ujawni\u0107, zrozumie\u0107 i uwolni\u0107<\/strong>, przywracaj\u0105c r\u00f3wnowag\u0119 i harmoni\u0119.<\/p>\n\n\n\n<hr class=\"wp-block-separator has-alpha-channel-opacity\"\/>\n\n\n\n<h2 class=\"wp-block-heading\">Jak dzia\u0142aj\u0105 Ustawienia Systemowe?<\/h2>\n\n\n\n<p>Podczas sesji:<\/p>\n\n\n\n<ul class=\"wp-block-list\">\n<li><strong>Reprezentanci w przestrzeni<\/strong> symbolizuj\u0105 cz\u0142onk\u00f3w rodziny lub elementy systemu \u2013 dzi\u0119ki temu pojawia si\u0119 obraz ukrytych relacji i napi\u0119\u0107.<\/li>\n\n\n\n<li><strong>Obserwacja i do\u015bwiadczenie<\/strong> pozwala zrozumie\u0107, sk\u0105d bior\u0105 si\u0119 trudno\u015bci w relacjach, emocjach czy decyzjach.<\/li>\n\n\n\n<li><strong>Rozwi\u0105zania systemowe<\/strong> pomagaj\u0105 przywr\u00f3ci\u0107 porz\u0105dek i r\u00f3wnowag\u0119 w Twoim \u017cyciu oraz relacjach.<\/li>\n\n\n\n<li><strong>Do\u015bwiadczenie emocjonalne<\/strong> cz\u0119sto przynosi ulg\u0119, poczucie spokoju i now\u0105 perspektyw\u0119.<\/li>\n<\/ul>\n\n\n\n<p>Ustawienia systemowe dzia\u0142aj\u0105 <strong>na poziomie emo<\/strong>cji<\/p>\n\n\n\n<h2 class=\"wp-block-heading\">Jak mog\u0119 Ci\u0119 wesprze\u0107?<\/h2>\n\n\n\n<p>Podczas sesji ustawie\u0144 systemowych:<\/p>\n\n\n\n<ul class=\"wp-block-list\">\n<li>Odkryjesz i uwolnisz nie\u015bwiadome blokady, kt\u00f3re ograniczaj\u0105 Twoje \u017cycie.<\/li>\n\n\n\n<li>Poprawisz relacje z bliskimi i ze sob\u0105 sam\u0105.<\/li>\n\n\n\n<li>Odzyskasz poczucie harmonii, r\u00f3wnowagi i w\u0142asnej mocy.<\/li>\n\n\n\n<li>Zyskasz wgl\u0105d w ukryte mechanizmy systemowe, kt\u00f3re wp\u0142ywaj\u0105 na Twoje decyzje i emocje.<\/li>\n<\/ul>\n\n\n\n<p>Ka\u017cda sesja jest <strong>indywidualnie dopasowana<\/strong> do Twoich potrzeb i sytuacji \u017cyciowej. Tworz\u0119 bezpieczn\u0105 przestrze\u0144, w kt\u00f3rej mo\u017cesz poczu\u0107 si\u0119 wys\u0142uchana, zrozumiana i uwolniona od ogranicze\u0144.<\/p>\n","protected":false},"excerpt":{"rendered":"<p>Czym s\u0105 Ustawienia Systemowe? Ustawienia Systemowe, znane r\u00f3wnie\u017c jako Ustawienia Rodzinne, to metoda terapeutyczna opracowana przez Berta Hellingera, kt\u00f3ra pozwala odkry\u0107 ukryte wzorce w rodzinie i systemach spo\u0142ecznych. Ka\u017cda rodzina i ka\u017cdy system maj\u0105 swoje w\u0142asne prawa i dynamik\u0119. Nie\u015bwiadome wzorce, konflikty lub traumy mog\u0105 wp\u0142ywa\u0107 na Twoje \u017cycie, zdrowie, relacje i poczucie szcz\u0119\u015bcia. Ustawienia &hellip; <\/p>\n","protected":false},"author":1,"featured_media":0,"parent":0,"menu_order":0,"comment_status":"closed","ping_status":"closed","template":"","meta":{"footnotes":""},"class_list":["post-1125","page","type-page","status-publish","hentry"],"_links":{"self":[{"href":"https:\/\/www.kreujlife.pl\/index.php\/wp-json\/wp\/v2\/pages\/1125","targetHints":{"allow":["GET"]}}],"collection":[{"href":"https:\/\/www.kreujlife.pl\/index.php\/wp-json\/wp\/v2\/pages"}],"about":[{"href":"https:\/\/www.kreujlife.pl\/index.php\/wp-json\/wp\/v2\/types\/page"}],"author":[{"embeddable":true,"href":"https:\/\/www.kreujlife.pl\/index.php\/wp-json\/wp\/v2\/users\/1"}],"replies":[{"embeddable":true,"href":"https:\/\/www.kreujlife.pl\/index.php\/wp-json\/wp\/v2\/comments?post=1125"}],"version-history":[{"count":1,"href":"https:\/\/www.kreujlife.pl\/index.php\/wp-json\/wp\/v2\/pages\/1125\/revisions"}],"predecessor-version":[{"id":1128,"href":"https:\/\/www.kreujlife.pl\/index.php\/wp-json\/wp\/v2\/pages\/1125\/revisions\/1128"}],"wp:attachment":[{"href":"https:\/\/www.kreujlife.pl\/index.php\/wp-json\/wp\/v2\/media?parent=1125"}],"curies":[{"name":"wp","href":"https:\/\/api.w.org\/{rel}","templated":true}]}}