{"id":1121,"date":"2025-09-27T09:55:50","date_gmt":"2025-09-27T09:55:50","guid":{"rendered":"https:\/\/www.kreujlife.pl\/?page_id=1121"},"modified":"2026-03-04T17:46:45","modified_gmt":"2026-03-04T17:46:45","slug":"ustawienia-systemowe-11","status":"publish","type":"page","link":"https:\/\/www.kreujlife.pl\/index.php\/ustawienia-systemowe-11\/","title":{"rendered":"Ustawienia systemowe metod\u0105 Berta Hellingera"},"content":{"rendered":"\n<figure class=\"wp-block-image size-large\"><img loading=\"lazy\" decoding=\"async\" width=\"1024\" height=\"576\" src=\"https:\/\/www.kreujlife.pl\/wp-content\/uploads\/2025\/10\/2-1024x576.png\" alt=\"\" class=\"wp-image-1283\" srcset=\"https:\/\/www.kreujlife.pl\/wp-content\/uploads\/2025\/10\/2-1024x576.png 1024w, https:\/\/www.kreujlife.pl\/wp-content\/uploads\/2025\/10\/2-300x169.png 300w, https:\/\/www.kreujlife.pl\/wp-content\/uploads\/2025\/10\/2-768x432.png 768w, https:\/\/www.kreujlife.pl\/wp-content\/uploads\/2025\/10\/2-107x60.png 107w, https:\/\/www.kreujlife.pl\/wp-content\/uploads\/2025\/10\/2.png 1366w\" sizes=\"auto, (max-width: 1024px) 100vw, 1024px\" \/><\/figure>\n\n\n\n<p><\/p>\n\n\n\n<h2 class=\"wp-block-heading\">&#8211; wci\u0105\u017c powtarzasz schematy w relacjach, mimo \u017ce pragniesz blisko\u015bci i harmonii?<\/h2>\n\n\n\n<h2 class=\"wp-block-heading\">&#8211; czujesz ci\u0119\u017car historii rodzinnej, kt\u00f3ry wp\u0142ywa na Twoje \u017cycie, cho\u0107 nie do ko\u0144ca rozumiesz jak?<\/h2>\n\n\n\n<h2 class=\"wp-block-heading\">&#8211; masz poczucie, \u017ce co\u015b Ci\u0119 blokuje w mi\u0142o\u015bci, finansach czy pracy, ale nie potrafisz znale\u017a\u0107 \u017ar\u00f3d\u0142a?<\/h2>\n\n\n\n<p>W takich momentach pomoc\u0105 s\u0105 <strong>Ustawienia Systemowe wg Berta Hellingera<\/strong> \u2013 metoda, kt\u00f3ra ods\u0142ania <strong>ukryte dynamiki w rodzinie i systemach spo\u0142ecznych<\/strong>, wp\u0142ywaj\u0105ce na nasze \u017cycie.<\/p>\n\n\n\n<hr class=\"wp-block-separator has-alpha-channel-opacity\"\/>\n\n\n\n<h2 class=\"wp-block-heading\">Podczas spotkania:<\/h2>\n\n\n\n<div class=\"wp-block-media-text is-stacked-on-mobile\"><figure class=\"wp-block-media-text__media\"><img loading=\"lazy\" decoding=\"async\" width=\"1366\" height=\"768\" src=\"https:\/\/www.kreujlife.pl\/wp-content\/uploads\/2025\/10\/odpowiedzi.png\" alt=\"\" class=\"wp-image-1278 size-full\" srcset=\"https:\/\/www.kreujlife.pl\/wp-content\/uploads\/2025\/10\/odpowiedzi.png 1366w, https:\/\/www.kreujlife.pl\/wp-content\/uploads\/2025\/10\/odpowiedzi-300x169.png 300w, https:\/\/www.kreujlife.pl\/wp-content\/uploads\/2025\/10\/odpowiedzi-1024x576.png 1024w, https:\/\/www.kreujlife.pl\/wp-content\/uploads\/2025\/10\/odpowiedzi-768x432.png 768w, https:\/\/www.kreujlife.pl\/wp-content\/uploads\/2025\/10\/odpowiedzi-107x60.png 107w\" sizes=\"auto, (max-width: 1366px) 100vw, 1366px\" \/><\/figure><div class=\"wp-block-media-text__content\">\n<ul class=\"wp-block-list\">\n<li>odzyskasz <strong>poczucie spokoju, harmonii i wolno\u015bci emocjonalnej<\/strong>.<\/li>\n<\/ul>\n\n\n\n<ul class=\"wp-block-list\">\n<li>zobaczysz <strong>niewidoczne dot\u0105d wzorce<\/strong>, kt\u00f3re zatrzymuj\u0105 Tw\u00f3j rozw\u00f3j,<\/li>\n<\/ul>\n\n\n\n<ul class=\"wp-block-list\">\n<li>zrozumiesz, jak historia Twojego systemu rodzinnego oddzia\u0142uje na tera\u017aniejszo\u015b\u0107,<\/li>\n<\/ul>\n\n\n\n<ul class=\"wp-block-list\">\n<li>zyskasz szans\u0119 na <strong>rozwi\u0105zanie trudno\u015bci w relacjach i codziennym \u017cyciu<\/strong>,<\/li>\n<\/ul>\n<\/div><\/div>\n\n\n\n<p>Praca z ustawieniami jest g\u0142\u0119boka i transformuj\u0105ca. Wzbogacam j\u0105 dodatkowym  wsparciem w obszarze emocji, tak aby\u015b mog\u0142a\/m\u00f3g\u0142 nie tylko zobaczy\u0107 \u017ar\u00f3d\u0142o problemu, ale te\u017c poczu\u0107 ulg\u0119 i zrobi\u0107 krok w stron\u0119 zmiany.<\/p>\n\n\n\n<hr class=\"wp-block-separator has-alpha-channel-opacity\"\/>\n\n\n\n<h2 class=\"wp-block-heading\"><strong>Obszary pracy w ustawieniach Hellingerowskich<\/strong><\/h2>\n\n\n\n<div class=\"wp-block-media-text is-stacked-on-mobile\"><figure class=\"wp-block-media-text__media\"><img loading=\"lazy\" decoding=\"async\" width=\"1024\" height=\"576\" src=\"https:\/\/www.kreujlife.pl\/wp-content\/uploads\/2025\/10\/bert-hellinger-1024x576.png\" alt=\"\" class=\"wp-image-1292 size-full\" srcset=\"https:\/\/www.kreujlife.pl\/wp-content\/uploads\/2025\/10\/bert-hellinger-1024x576.png 1024w, https:\/\/www.kreujlife.pl\/wp-content\/uploads\/2025\/10\/bert-hellinger-300x169.png 300w, https:\/\/www.kreujlife.pl\/wp-content\/uploads\/2025\/10\/bert-hellinger-768x432.png 768w, https:\/\/www.kreujlife.pl\/wp-content\/uploads\/2025\/10\/bert-hellinger-107x60.png 107w, https:\/\/www.kreujlife.pl\/wp-content\/uploads\/2025\/10\/bert-hellinger.png 1366w\" sizes=\"auto, (max-width: 1024px) 100vw, 1024px\" \/><\/figure><div class=\"wp-block-media-text__content\">\n<ul class=\"wp-block-list\">\n<li>Je\u015bli chcesz poprawi\u0107 swoje relacje w rodzinie mi\u0119dzy jej cz\u0142onkami np. z rodzicami, m\u0119\u017cem, partnerem, dzie\u0107mi.<\/li>\n\n\n\n<li>Je\u015bli masz poczucie, \u017ce co\u015b niesiesz po przodkach np. trud pracy<\/li>\n\n\n\n<li>Je\u015bli masz poczucie, \u017ce nie \u017cyjesz w\u0142asnym \u017cyciem.<\/li>\n\n\n\n<li>Je\u015bli nie ma dla Ciebie miejsca, czujesz si\u0119 odrzucony\/a<\/li>\n<\/ul>\n<\/div><\/div>\n\n\n\n<ul class=\"wp-block-list\">\n<li>Je\u015bli Twoje zwi\u0105zki ci\u0105gle s\u0105 nieudane, nie takie, o jakich marzysz<\/li>\n\n\n\n<li>Jeste\u015b singlem\/singielk\u0105 i trudno ponownie Tobie wej\u015b\u0107 w relacj\u0119<\/li>\n\n\n\n<li>Je\u015bli czujesz, ze jeste\u015b w roli ratownika, mediatora lub innej i chcesz ju\u017c \u017cy\u0107 bez tego<\/li>\n\n\n\n<li>Je\u015bli chcesz zrozumie\u0107, gdzie le\u017cy \u017ar\u00f3d\u0142o pewnych blokad i powtarzaj\u0105cych si\u0119 w \u017cyciu cykli np. utrata praca, podobni partnerzy, problemy itd.<\/li>\n\n\n\n<li>Je\u015bli chcesz uwolni\u0107 si\u0119 od Uzale\u017cnienia<\/li>\n\n\n\n<li>Je\u015bli czujesz, \u017ce masz niskie poczucie w\u0142asnej warto\u015bci<\/li>\n\n\n\n<li>Je\u015bli wci\u0105\u017c czujesz, \u017ce ci\u0119\u017cko pracujesz ale brak sukcesu materialnego\/obfito\u015bci finansowej, kt\u00f3rej pragniesz<\/li>\n\n\n\n<li>Je\u015bli brak Tobie odwagi do spe\u0142niania marze\u0144<\/li>\n\n\n\n<li>Je\u015bli brak Tobie odwagi do \u017cycia<\/li>\n\n\n\n<li>Je\u015bli nie umiesz prze\u017cywa\u0107 swoich emocji, zamra\u017casz je<\/li>\n\n\n\n<li>Je\u015bli potrzebujesz zasili\u0107 swoj\u0105 Kobieco\u015b\u0107\/M\u0119sko\u015b\u0107<\/li>\n\n\n\n<li>Je\u015bli chcesz odnale\u017a\u0107 swoj\u0105 M\u0119sko\u015b\u0107\/Kobieco\u015b\u0107 i zbudowa\u0107 j\u0105<\/li>\n\n\n\n<li>Je\u015bli nie umiesz\/nie mo\u017cesz prosi\u0107 o pomoc i wci\u0105\u017c jeste\u015b zdany sam na siebie<\/li>\n\n\n\n<li>Je\u015bli nie ma harmonii w Twoich relacjach<\/li>\n\n\n\n<li>Kiedy stoisz przed wyborem\/dylematem i nie wiesz co wybra\u0107<\/li>\n\n\n\n<li>Kiedy jeste\u015b rozdzielony miedzy sercem a rozumem<\/li>\n\n\n\n<li>Kiedy brak Ci si\u0142y do \u017cycia<\/li>\n\n\n\n<li>Praktycznie z ka\u017cdym tematem mo\u017cesz przyj\u015b\u0107.<\/li>\n<\/ul>\n\n\n\n<h2 class=\"wp-block-heading\"><strong><em>Usi\u0105dziemy nad nim i pochylimy si\u0119. Zobaczymy, co stoi za Twoim problemem, gdzie jest jego \u017ar\u00f3d\u0142o?<\/em><\/strong><\/h2>\n\n\n\n<h2 class=\"wp-block-heading\"><strong><em>Poszukamy te\u017c \u0179r\u00f3d\u0142a, kt\u00f3re doda Ci skrzyde\u0142, kt\u00f3re b\u0119dzie Ci\u0119 wspiera\u0107 i zasila\u0107, jak korzenie Drzewo, kt\u00f3rym jeste\u015b, by\u015b m\u00f3g\u0142 wzrasta\u0107 i dawa\u0107 pi\u0119kne owoce.<\/em><\/strong><\/h2>\n\n\n\n<h2 class=\"wp-block-heading\">Pracujemy indywidualnie na figurkach w gabinecie oraz online. Prowadzimy r\u00f3wnie\u017c warsztaty grupowe (stacjonarnie).<\/h2>\n\n\n\n<hr class=\"wp-block-separator has-alpha-channel-opacity\"\/>\n\n\n\n<h2 class=\"wp-block-heading\"><strong>Indywidualna sesja pomo\u017ce Ci, gdy do\u015bwiadczasz:<\/strong><\/h2>\n\n\n\n<div class=\"wp-block-media-text has-media-on-the-right is-stacked-on-mobile\"><div class=\"wp-block-media-text__content\">\n<ol class=\"wp-block-list\">\n<li>W trudnych lub toksycznych relacji (rodzina, partner, dzieci)<\/li>\n<\/ol>\n\n\n\n<p>2. poczucia zagubienia, braku sensu lub mocy \u017cyciowej<\/p>\n\n\n\n<p>3. braku granic, poczucia winy, wstydu lub l\u0119ku<\/p>\n\n\n\n<p>4. ci\u0105g\u0142ych problem\u00f3w finansowych lub zawodowych<\/p>\n\n\n\n<hr class=\"wp-block-separator has-alpha-channel-opacity\"\/>\n<\/div><figure class=\"wp-block-media-text__media\"><img loading=\"lazy\" decoding=\"async\" width=\"1024\" height=\"576\" src=\"https:\/\/www.kreujlife.pl\/wp-content\/uploads\/2025\/10\/Bert-hellinger2-1024x576.png\" alt=\"\" class=\"wp-image-1295 size-full\" srcset=\"https:\/\/www.kreujlife.pl\/wp-content\/uploads\/2025\/10\/Bert-hellinger2-1024x576.png 1024w, https:\/\/www.kreujlife.pl\/wp-content\/uploads\/2025\/10\/Bert-hellinger2-300x169.png 300w, https:\/\/www.kreujlife.pl\/wp-content\/uploads\/2025\/10\/Bert-hellinger2-768x432.png 768w, https:\/\/www.kreujlife.pl\/wp-content\/uploads\/2025\/10\/Bert-hellinger2-107x60.png 107w, https:\/\/www.kreujlife.pl\/wp-content\/uploads\/2025\/10\/Bert-hellinger2.png 1366w\" sizes=\"auto, (max-width: 1024px) 100vw, 1024px\" \/><\/figure><\/div>\n\n\n\n<p>5. konflikt\u00f3w rodzinnych i mi\u0119dzypokoleniowych<\/p>\n\n\n\n<p>6. powtarzaj\u0105cych si\u0119 schemat\u00f3w (w zwi\u0105zkach, pracy, zdrowiu)<\/p>\n\n\n\n<p>7. \u017ca\u0142oby, straty lub przerwanego kontaktu w rodzinie<\/p>\n\n\n\n<p>8. chor\u00f3b psychosomatycznych, przewlek\u0142ego stresu<\/p>\n\n\n\n<p>9. braku miejsca w rodzinie lub poczucia bycia \u201enie swoim\u201d<\/p>\n\n\n\n<p class=\"has-medium-font-size\"><strong><em>Je\u015bli masz wra\u017cenie, \u017ce ci\u0105gle wracasz do tego samego punktu \u2014 to mo\u017ce by\u0107 w\u0142a\u015bciwa metoda dla Ciebie.<\/em><\/strong><\/p>\n\n\n\n<p class=\"has-large-font-size\"><strong>Jak wygl\u0105da sesja 1:1?<\/strong><\/p>\n\n\n\n<p>Pracujemy w bezpiecznej, wspieraj\u0105cej przestrzeni \u2014 tylko Ty i ja.<br>Ka\u017cda sesja jest <strong>unikalna<\/strong>, dopasowana do Twojego tematu.<\/p>\n\n\n\n<h3 class=\"wp-block-heading\">\ud83d\udd39 Na \u017cywo (stacjonarnie)<\/h3>\n\n\n\n<p>Pracujemy z elementami ustawienia \u2014 reprezentantami lub przedmiotami \u2014 kt\u00f3re symbolizuj\u0105 osoby lub elementy systemu rodzinnego. Najcz\u0119\u015bciej jest to praca na figurkach.<\/p>\n\n\n\n<h3 class=\"wp-block-heading\">\ud83d\udd39 Online (praca na figurkach)<\/h3>\n\n\n\n<p>U\u017cywamy figurek na planszy \u2014 ustawiam je zgodnie z Twoj\u0105 intuicyjn\u0105 reprezentacj\u0105.<br>Ty obserwujesz i czujesz zmiany w swoim ciele i emocjach. Ja jestem obok i Ci\u0119 wspieram w ca\u0142ym procesie.<\/p>\n\n\n\n<p class=\"has-medium-font-size\">\ud83d\udc49 Zar\u00f3wno forma stacjonarna, jak i online jest <strong>tak samo skuteczna<\/strong>.<\/p>\n\n\n\n<hr class=\"wp-block-separator has-alpha-channel-opacity\"\/>\n\n\n\n<h2 class=\"wp-block-heading\">Czym s\u0105 Ustawienia Systemowe?<\/h2>\n\n\n\n<p>Ustawienia systemowe wg Berta Hellingera to metoda pracy terapeutycznej, kt\u00f3ra pozwala zobaczy\u0107 niewidoczne powi\u0105zania i obci\u0105\u017cenia w systemie rodzinnym.<br>Wiele z naszych obecnych problem\u00f3w \u2014 emocjonalnych, zdrowotnych czy zawodowych \u2014 ma sw\u00f3j pocz\u0105tek w przesz\u0142o\u015bci, cz\u0119sto jeszcze przed naszym urodzeniem.<\/p>\n\n\n\n<p>Ustawienia umo\u017cliwiaj\u0105:<\/p>\n\n\n\n<ul class=\"wp-block-list\">\n<li>odkrycie ukrytych lojalno\u015bci, schemat\u00f3w i blokad,<\/li>\n\n\n\n<li>uwolnienie emocji i zaproszenie do \u017cycia wi\u0119kszej harmonii,<\/li>\n\n\n\n<li>odzyskanie swojej w\u0142asnej energii i mocy sprawczej.<\/li>\n<\/ul>\n\n\n\n<p>Pracujemy z tym, co <em>realnie wp\u0142ywa na Twoje \u017cycie tu i teraz<\/em>.<\/p>\n\n\n\n<hr class=\"wp-block-separator has-alpha-channel-opacity\"\/>\n\n\n\n<p class=\"has-large-font-size\"><strong>Jak to dzia\u0142a?<\/strong><\/p>\n\n\n\n<p>Podczas ustawienia <strong>ujawniaj\u0105 si\u0119 ukryte dynamiki<\/strong> systemu rodzinnego:<br>np. obci\u0105\u017cenia przenoszone z przesz\u0142ych pokole\u0144, konflikty, wykluczenia, brak zgody na los.<\/p>\n\n\n\n<p>Wprowadzamy zmiany, kt\u00f3re prowadz\u0105 do:<\/p>\n\n\n\n<ul class=\"wp-block-list\">\n<li>przywr\u00f3cenia porz\u0105dku w systemie<\/li>\n\n\n\n<li>uzdrowienia relacji<\/li>\n\n\n\n<li>uwolnienia mocy \u017cyciowej, kt\u00f3ra by\u0142a uwi\u0119ziona w problemie<\/li>\n<\/ul>\n\n\n\n<p class=\"has-medium-font-size\">Zmiana w systemie \u2192 zmiana w Tobie \u2192 zmiana w \u017cyciu<\/p>\n\n\n\n<hr class=\"wp-block-separator has-alpha-channel-opacity\"\/>\n\n\n\n<h2 class=\"wp-block-heading\">\ud83c\udf08 Efekty po sesji<\/h2>\n\n\n\n<p>Klienci najcz\u0119\u015bciej m\u00f3wi\u0105, \u017ce po sesji:<\/p>\n\n\n\n<ul class=\"wp-block-list\">\n<li>czuj\u0105 wi\u0119kszy spok\u00f3j i lekko\u015b\u0107,<\/li>\n\n\n\n<li>zaczynaj\u0105 inaczej reagowa\u0107 na trudne sytuacje,<\/li>\n\n\n\n<li>relacje z bliskimi staj\u0105 si\u0119 bardziej naturalne,<\/li>\n\n\n\n<li>\u201eznikaj\u0105 rzeczy, kt\u00f3re wcze\u015bniej wydawa\u0142y si\u0119 niemo\u017cliwe do ruszenia\u201d.<\/li>\n<\/ul>\n\n\n\n<p>Ustawienie cz\u0119sto inicjuje <strong>trwa\u0142y proces zmiany<\/strong> \u2014 czasem subtelny, a czasem bardzo wyra\u017any.<\/p>\n\n\n\n<hr class=\"wp-block-separator has-alpha-channel-opacity\"\/>\n\n\n\n<p class=\"has-large-font-size\"><strong>Korzy\u015bci z ustawie\u0144<\/strong><\/p>\n\n\n\n<ul class=\"wp-block-list\">\n<li>poczucie ulgi i uwolnienia emocjonalnego<\/li>\n<\/ul>\n\n\n\n<ul class=\"wp-block-list\">\n<li>lepsze relacje i wi\u0119cej blisko\u015bci<\/li>\n<\/ul>\n\n\n\n<ul class=\"wp-block-list\">\n<li>uwolnienie blokad i ograniczaj\u0105cych przekona\u0144<\/li>\n<\/ul>\n\n\n\n<ul class=\"wp-block-list\">\n<li>odzyskanie energii i rado\u015bci \u017cycia<\/li>\n<\/ul>\n\n\n\n<ul class=\"wp-block-list\">\n<li>jasno\u015b\u0107 w wa\u017cnych decyzjach \u017cyciowych<\/li>\n<\/ul>\n\n\n\n<ul class=\"wp-block-list\">\n<li>g\u0142\u0119bsze zrozumienie siebie i swojego miejsca w rodzinie<\/li>\n<\/ul>\n\n\n\n<ul class=\"wp-block-list\">\n<li>zwi\u0119kszenie pewno\u015bci siebie i sprawczo\u015bci<\/li>\n<\/ul>\n\n\n\n<ul class=\"wp-block-list\">\n<li>r\u00f3wnowaga pomi\u0119dzy \u017cyciem osobistym a zawodowym<\/li>\n<\/ul>\n\n\n\n<ul class=\"wp-block-list\">\n<li>nowy kierunek i mocniejsze oparcie na sobie<\/li>\n<\/ul>\n\n\n\n<hr class=\"wp-block-separator has-alpha-channel-opacity\"\/>\n\n\n\n<p>Ustawienia systemowe dzia\u0142aj\u0105 <strong>na poziomie emocji, relacji i energetyki<\/strong>, umo\u017cliwiaj\u0105c g\u0142\u0119bok\u0105 transformacj\u0119 w kr\u00f3tkim czasie.<\/p>\n\n\n\n<p><strong>Inwestycja w siebie<\/strong>: 450z\u0142 (sesja moze potrwa\u0107 od 2 godzin)<\/p>\n\n\n\n<div class=\"wp-block-group alignfull has-text-color has-background\" style=\"color:#000000;background-color:#ffffff\"><div class=\"wp-block-group__inner-container is-layout-flow wp-block-group-is-layout-flow\">\n<div style=\"height:64px\" aria-hidden=\"true\" class=\"wp-block-spacer\"><\/div>\n\n\n\n<p class=\"has-text-align-center has-small-font-size\" style=\"line-height:.9\"><strong>Skontaktuj si\u0119 ze mn\u0105<\/strong><\/p>\n\n\n\n<h2 class=\"wp-block-heading has-text-align-center\" id=\"schedule-a-visit\" style=\"font-size:59px;line-height:1.15\"><strong>Zaplanuj wizyt\u0119<\/strong><\/h2>\n\n\n\n<div class=\"wp-block-buttons is-horizontal is-content-justification-center is-layout-flex wp-container-core-buttons-is-layout-499968f5 wp-block-buttons-is-layout-flex\">\n<div class=\"wp-block-button has-custom-width wp-block-button__width-50\"><a class=\"wp-block-button__link has-text-color has-background wp-element-button\" href=\"https:\/\/www.kreujlife.pl\/index.php\/kontakt-do-mnie\/\" style=\"border-radius:50px;color:#ffffff;background-color:#000000\">Skontaktuj si\u0119&nbsp;ze mn\u0105<\/a><\/div>\n<\/div>\n\n\n\n<div style=\"height:64px\" aria-hidden=\"true\" class=\"wp-block-spacer\"><\/div>\n<\/div><\/div>\n","protected":false},"excerpt":{"rendered":"<p>&#8211; wci\u0105\u017c powtarzasz schematy w relacjach, mimo \u017ce pragniesz blisko\u015bci i harmonii? &#8211; czujesz ci\u0119\u017car historii rodzinnej, kt\u00f3ry wp\u0142ywa na Twoje \u017cycie, cho\u0107 nie do ko\u0144ca rozumiesz jak? &#8211; masz poczucie, \u017ce co\u015b Ci\u0119 blokuje w mi\u0142o\u015bci, finansach czy pracy, ale nie potrafisz znale\u017a\u0107 \u017ar\u00f3d\u0142a? W takich momentach pomoc\u0105 s\u0105 Ustawienia Systemowe wg Berta Hellingera &hellip; <\/p>\n","protected":false},"author":1,"featured_media":0,"parent":0,"menu_order":0,"comment_status":"closed","ping_status":"closed","template":"","meta":{"footnotes":""},"class_list":["post-1121","page","type-page","status-publish","hentry"],"_links":{"self":[{"href":"https:\/\/www.kreujlife.pl\/index.php\/wp-json\/wp\/v2\/pages\/1121","targetHints":{"allow":["GET"]}}],"collection":[{"href":"https:\/\/www.kreujlife.pl\/index.php\/wp-json\/wp\/v2\/pages"}],"about":[{"href":"https:\/\/www.kreujlife.pl\/index.php\/wp-json\/wp\/v2\/types\/page"}],"author":[{"embeddable":true,"href":"https:\/\/www.kreujlife.pl\/index.php\/wp-json\/wp\/v2\/users\/1"}],"replies":[{"embeddable":true,"href":"https:\/\/www.kreujlife.pl\/index.php\/wp-json\/wp\/v2\/comments?post=1121"}],"version-history":[{"count":13,"href":"https:\/\/www.kreujlife.pl\/index.php\/wp-json\/wp\/v2\/pages\/1121\/revisions"}],"predecessor-version":[{"id":1372,"href":"https:\/\/www.kreujlife.pl\/index.php\/wp-json\/wp\/v2\/pages\/1121\/revisions\/1372"}],"wp:attachment":[{"href":"https:\/\/www.kreujlife.pl\/index.php\/wp-json\/wp\/v2\/media?parent=1121"}],"curies":[{"name":"wp","href":"https:\/\/api.w.org\/{rel}","templated":true}]}}