{"id":1036,"date":"2025-09-26T14:53:57","date_gmt":"2025-09-26T14:53:57","guid":{"rendered":"https:\/\/www.kreujlife.pl\/?page_id=1036"},"modified":"2026-03-04T17:44:04","modified_gmt":"2026-03-04T17:44:04","slug":"konsultacja-ukochaj-emocje-ukochaj-siebie","status":"publish","type":"page","link":"https:\/\/www.kreujlife.pl\/index.php\/konsultacja-ukochaj-emocje-ukochaj-siebie\/","title":{"rendered":"Konsultacja &#8211; Ukochaj emocje, ukochaj siebie"},"content":{"rendered":"\n<div class=\"wp-block-cover is-light\" style=\"min-height:100vh;aspect-ratio:unset;\"><video class=\"wp-block-cover__video-background intrinsic-ignore\" autoplay muted loop playsinline src=\"https:\/\/www.kreujlife.pl\/wp-content\/uploads\/2025\/09\/RELACJE.mp4\" data-object-fit=\"cover\"><\/video><span aria-hidden=\"true\" class=\"wp-block-cover__background has-background-dim-0 has-background-dim\"><\/span><div class=\"wp-block-cover__inner-container is-layout-flow wp-block-cover-is-layout-flow\">\n<p class=\"has-text-align-center has-large-font-size\"><\/p>\n<\/div><\/div>\n\n\n\n<hr class=\"wp-block-separator has-alpha-channel-opacity\"\/>\n\n\n\n<figure class=\"wp-block-image size-full\"><img loading=\"lazy\" decoding=\"async\" width=\"1366\" height=\"768\" src=\"https:\/\/www.kreujlife.pl\/wp-content\/uploads\/2025\/09\/emocje-blokady.png\" alt=\"\" class=\"wp-image-1064\" srcset=\"https:\/\/www.kreujlife.pl\/wp-content\/uploads\/2025\/09\/emocje-blokady.png 1366w, https:\/\/www.kreujlife.pl\/wp-content\/uploads\/2025\/09\/emocje-blokady-300x169.png 300w, https:\/\/www.kreujlife.pl\/wp-content\/uploads\/2025\/09\/emocje-blokady-1024x576.png 1024w, https:\/\/www.kreujlife.pl\/wp-content\/uploads\/2025\/09\/emocje-blokady-768x432.png 768w, https:\/\/www.kreujlife.pl\/wp-content\/uploads\/2025\/09\/emocje-blokady-107x60.png 107w\" sizes=\"auto, (max-width: 1366px) 100vw, 1366px\" \/><\/figure>\n\n\n\n<hr class=\"wp-block-separator has-alpha-channel-opacity\"\/>\n\n\n\n<h3 class=\"wp-block-heading\">Czy odnajdujesz si\u0119 w tym?<\/h3>\n\n\n\n<div class=\"wp-block-media-text has-media-on-the-right is-stacked-on-mobile\"><div class=\"wp-block-media-text__content\">\n<p>Mo\u017ce czujesz, \u017ce\u2026<\/p>\n\n\n\n<ul class=\"wp-block-list\">\n<li>masz wra\u017cenie, \u017ce co\u015b Ci\u0119 blokuje, ale nie potrafisz tego uchwyci\u0107.<\/li>\n<\/ul>\n\n\n\n<ul class=\"wp-block-list\">\n<li>nosisz w sobie ci\u0119\u017car, kt\u00f3rego \u017ar\u00f3d\u0142a nie potrafisz nazwa\u0107,<\/li>\n<\/ul>\n\n\n\n<ul class=\"wp-block-list\">\n<li>wci\u0105\u017c powtarzasz te same schematy w relacjach lub pracy, cho\u0107 pragniesz zmiany,<\/li>\n<\/ul>\n\n\n\n<ul class=\"wp-block-list\">\n<li>emocje \u2013 l\u0119k, z\u0142o\u015b\u0107, smutek \u2013 przejmuj\u0105 nad Tob\u0105 kontrol\u0119 i trudno Ci odzyska\u0107 spok\u00f3j,<\/li>\n<\/ul>\n\n\n\n<ul class=\"wp-block-list\">\n<li>czujesz si\u0119 rozdarta\/y mi\u0119dzy tym, czego chcesz, a tym, co \u201epowinna\u015b\/powiniene\u015b\u201d lub \u201emusisz\u201d,<\/li>\n<\/ul>\n\n\n\n<ul class=\"wp-block-list\">\n<li>zatrzymuje Ci\u0119 poczucie winy, wstydu lub l\u0119ku przed ocen\u0105,<\/li>\n<\/ul>\n<\/div><figure class=\"wp-block-media-text__media\"><img loading=\"lazy\" decoding=\"async\" width=\"1024\" height=\"576\" src=\"https:\/\/www.kreujlife.pl\/wp-content\/uploads\/2025\/09\/KONSULTACJA-1-2-1024x576.png\" alt=\"\" class=\"wp-image-1066 size-full\" srcset=\"https:\/\/www.kreujlife.pl\/wp-content\/uploads\/2025\/09\/KONSULTACJA-1-2-1024x576.png 1024w, https:\/\/www.kreujlife.pl\/wp-content\/uploads\/2025\/09\/KONSULTACJA-1-2-300x169.png 300w, https:\/\/www.kreujlife.pl\/wp-content\/uploads\/2025\/09\/KONSULTACJA-1-2-768x432.png 768w, https:\/\/www.kreujlife.pl\/wp-content\/uploads\/2025\/09\/KONSULTACJA-1-2-107x60.png 107w, https:\/\/www.kreujlife.pl\/wp-content\/uploads\/2025\/09\/KONSULTACJA-1-2.png 1366w\" sizes=\"auto, (max-width: 1024px) 100vw, 1024px\" \/><\/figure><\/div>\n\n\n\n<p class=\"has-medium-font-size\"><strong>Nie jeste\u015b z tym sam\/a. To cz\u0119\u015b\u0107 historii wielu os\u00f3b, kt\u00f3re przysz\u0142y do mnie, szukaj\u0105c ulgi i nowej drogi.<\/strong><\/p>\n\n\n\n<hr class=\"wp-block-separator has-alpha-channel-opacity\"\/>\n\n\n\n<div class=\"wp-block-cover is-light\" style=\"min-height:100vh;aspect-ratio:unset;\"><video class=\"wp-block-cover__video-background intrinsic-ignore\" autoplay muted loop playsinline src=\"https:\/\/www.kreujlife.pl\/wp-content\/uploads\/2025\/09\/lustro.mp4\" data-object-fit=\"cover\"><\/video><span aria-hidden=\"true\" class=\"wp-block-cover__background has-background-dim-0 has-background-dim\"><\/span><div class=\"wp-block-cover__inner-container is-layout-flow wp-block-cover-is-layout-flow\">\n<p class=\"has-text-align-center has-large-font-size\"><\/p>\n<\/div><\/div>\n\n\n\n<p>\ud83c\udf3f&nbsp;<strong>Tutaj zaczyna si\u0119 nasza wsp\u00f3lna praca.<\/strong><\/p>\n\n\n\n<p><\/p>\n\n\n\n<div class=\"wp-block-buttons is-layout-flex wp-block-buttons-is-layout-flex\">\n<div class=\"wp-block-button\"><a class=\"wp-block-button__link has-luminous-vivid-amber-background-color has-background wp-element-button\" href=\"https:\/\/www.kreujlife.pl\/index.php\/kontakt-do-mnie\/\">Masz pytanie?<\/a><\/div>\n<\/div>\n\n\n\n<p><\/p>\n\n\n\n<hr class=\"wp-block-separator has-alpha-channel-opacity\"\/>\n\n\n\n<p class=\"has-medium-font-size\"><strong>\u2728 Dok\u0105d mo\u017cesz doj\u015b\u0107?<\/strong><\/p>\n\n\n\n<figure class=\"wp-block-image size-full\"><img loading=\"lazy\" decoding=\"async\" width=\"1366\" height=\"768\" src=\"https:\/\/www.kreujlife.pl\/wp-content\/uploads\/2025\/09\/cele-emocje.png\" alt=\"\" class=\"wp-image-1068\" srcset=\"https:\/\/www.kreujlife.pl\/wp-content\/uploads\/2025\/09\/cele-emocje.png 1366w, https:\/\/www.kreujlife.pl\/wp-content\/uploads\/2025\/09\/cele-emocje-300x169.png 300w, https:\/\/www.kreujlife.pl\/wp-content\/uploads\/2025\/09\/cele-emocje-1024x576.png 1024w, https:\/\/www.kreujlife.pl\/wp-content\/uploads\/2025\/09\/cele-emocje-768x432.png 768w, https:\/\/www.kreujlife.pl\/wp-content\/uploads\/2025\/09\/cele-emocje-107x60.png 107w\" sizes=\"auto, (max-width: 1366px) 100vw, 1366px\" \/><\/figure>\n\n\n\n<h2 class=\"wp-block-heading\">\ud83c\udf38 Wyobra\u017a sobie, \u017ce zamiast l\u0119ku i chaosu czujesz:<\/h2>\n\n\n\n<ul class=\"wp-block-list\">\n<li>spok\u00f3j i lekko\u015b\u0107 \u2013 \u201ejestem bezpieczna i mog\u0119 by\u0107 sob\u0105\u201d,<\/li>\n\n\n\n<li>odwag\u0119, by wyra\u017ca\u0107 emocje i stawia\u0107 zdrowe granice,<\/li>\n\n\n\n<li>blisko\u015b\u0107 i zrozumienie w relacjach z tymi, kt\u00f3rzy s\u0105 dla Ciebie wa\u017cni,<\/li>\n\n\n\n<li>pewno\u015b\u0107, \u017ce Twoje potrzeby s\u0105 wa\u017cne i masz prawo o nie dba\u0107,<\/li>\n\n\n\n<li>harmoni\u0119 mi\u0119dzy dawaniem a przyjmowaniem,<\/li>\n\n\n\n<li>rado\u015b\u0107 i swobod\u0119 w byciu tu i teraz.<\/li>\n<\/ul>\n\n\n\n<p class=\"has-medium-font-size\"><strong>To w\u0142a\u015bnie przestrze\u0144, kt\u00f3r\u0105 otwieraj\u0105 sesje indywidualne \u2013 od b\u00f3lu do akceptacji, od zamro\u017cenia do przep\u0142ywu, od samotno\u015bci do g\u0142\u0119bszej wi\u0119zi ze sob\u0105 i z innymi.<\/strong><\/p>\n\n\n\n<hr class=\"wp-block-separator has-alpha-channel-opacity\"\/>\n\n\n\n<h3 class=\"wp-block-heading\">\ud83c\udf38 <strong>Zapraszam Ci\u0119 w t\u0119 podr\u00f3\u017c.<\/strong><br>To b\u0119dzie Tw\u00f3j czas \u2013 by zatrzyma\u0107 si\u0119, us\u0142ysze\u0107 swoje emocje i spojrze\u0107 na siebie z \u0142agodno\u015bci\u0105. To moment, w kt\u00f3rym mo\u017cesz odkry\u0107, co naprawd\u0119 nosisz w sercu i zrobi\u0107 krok w stron\u0119 relacji \u2013 z sob\u0105 i z innymi \u2013 pe\u0142nych blisko\u015bci, zaufania i r\u00f3wnowagi.<\/h3>\n\n\n\n<p>To spotkanie przynosi ukojenie, lekko\u015b\u0107 i now\u0105 perspektyw\u0119. Otwiera przestrze\u0144 do tego, by \u017cy\u0107 w zgodzie ze sob\u0105 \u2013 w poczuciu spokoju, akceptacji i wewn\u0119trznej si\u0142y.<\/p>\n\n\n\n<div class=\"wp-block-buttons is-layout-flex wp-block-buttons-is-layout-flex\">\n<div class=\"wp-block-button\"><a class=\"wp-block-button__link has-luminous-vivid-amber-background-color has-background has-medium-font-size has-custom-font-size wp-element-button\" href=\"https:\/\/www.kreujlife.pl\/index.php\/kontakt-do-mnie\/\"><strong>Zapisz si\u0119<\/strong><\/a><\/div>\n<\/div>\n\n\n\n<hr class=\"wp-block-separator has-alpha-channel-opacity\"\/>\n\n\n\n<div class=\"wp-block-media-text is-stacked-on-mobile\"><figure class=\"wp-block-media-text__media\"><img loading=\"lazy\" decoding=\"async\" width=\"1024\" height=\"576\" src=\"https:\/\/www.kreujlife.pl\/wp-content\/uploads\/2025\/09\/milosc-do-sie-1024x576.png\" alt=\"\" class=\"wp-image-1076 size-full\" srcset=\"https:\/\/www.kreujlife.pl\/wp-content\/uploads\/2025\/09\/milosc-do-sie-1024x576.png 1024w, https:\/\/www.kreujlife.pl\/wp-content\/uploads\/2025\/09\/milosc-do-sie-300x169.png 300w, https:\/\/www.kreujlife.pl\/wp-content\/uploads\/2025\/09\/milosc-do-sie-768x432.png 768w, https:\/\/www.kreujlife.pl\/wp-content\/uploads\/2025\/09\/milosc-do-sie-107x60.png 107w, https:\/\/www.kreujlife.pl\/wp-content\/uploads\/2025\/09\/milosc-do-sie.png 1366w\" sizes=\"auto, (max-width: 1024px) 100vw, 1024px\" \/><\/figure><div class=\"wp-block-media-text__content\">\n<p>Podczas czterogodzinnej sesji tworz\u0119 dla Ciebie&nbsp;<strong>bezpieczn\u0105 przestrze\u0144<\/strong>&nbsp;pe\u0142n\u0105 uwa\u017cno\u015bci i akceptacji. Korzystam z r\u00f3\u017cnych metod \u2013&nbsp;<strong>Ustawie\u0144 Systemowych, Kodu Emocji, Theta Healing i Coachingu<\/strong>&nbsp;\u2013 aby dopasowa\u0107 proces do Twojej osobistej historii i potrzeb.<\/p>\n\n\n\n<p><strong>W trakcie spotkania:<\/strong><\/p>\n\n\n\n<ul class=\"wp-block-list\">\n<li>poczujesz&nbsp;<strong>lekko\u015b\u0107, spok\u00f3j i wi\u0119ksz\u0105 blisko\u015b\u0107 ze sob\u0105<\/strong>.<\/li>\n<\/ul>\n\n\n\n<ul class=\"wp-block-list\">\n<li>odkryjesz&nbsp;<strong>nowe perspektywy i mo\u017cliwo\u015bci dzia\u0142ania<\/strong>,<\/li>\n<\/ul>\n\n\n\n<ul class=\"wp-block-list\">\n<li>rozpoznasz i uwolnisz&nbsp;<strong>blokady oraz ograniczaj\u0105ce przekonania<\/strong>,<\/li>\n<\/ul>\n\n\n\n<ul class=\"wp-block-list\">\n<li>nauczysz si\u0119&nbsp;<strong>lepiej radzi\u0107 z emocjami i trudnymi sytuacjami<\/strong>,<\/li>\n<\/ul>\n<\/div><\/div>\n\n\n\n<p class=\"has-medium-font-size\"><strong>To czas, aby zatrzyma\u0107 si\u0119, us\u0142ysze\u0107 siebie i rozpocz\u0105\u0107 drog\u0119 ku \u017cyciu pe\u0142nemu autentyczno\u015bci i r\u00f3wnowagi.<\/strong><\/p>\n\n\n\n<p><strong>Inwestycja w siebie<\/strong>: 1400 z\u0142 (4h)<\/p>\n\n\n\n<div class=\"wp-block-buttons is-layout-flex wp-block-buttons-is-layout-flex\">\n<div class=\"wp-block-button\"><a class=\"wp-block-button__link has-luminous-vivid-amber-background-color has-background has-medium-font-size has-custom-font-size wp-element-button\" href=\"https:\/\/www.kreujlife.pl\/index.php\/kontakt-do-mnie\/\"><strong>Zapisz si\u0119<\/strong><\/a><\/div>\n<\/div>\n","protected":false},"excerpt":{"rendered":"<p>Czy odnajdujesz si\u0119 w tym? Nie jeste\u015b z tym sam\/a. To cz\u0119\u015b\u0107 historii wielu os\u00f3b, kt\u00f3re przysz\u0142y do mnie, szukaj\u0105c ulgi i nowej drogi. \ud83c\udf3f&nbsp;Tutaj zaczyna si\u0119 nasza wsp\u00f3lna praca. \u2728 Dok\u0105d mo\u017cesz doj\u015b\u0107? \ud83c\udf38 Wyobra\u017a sobie, \u017ce zamiast l\u0119ku i chaosu czujesz: To w\u0142a\u015bnie przestrze\u0144, kt\u00f3r\u0105 otwieraj\u0105 sesje indywidualne \u2013 od b\u00f3lu do akceptacji, &hellip; <\/p>\n","protected":false},"author":1,"featured_media":0,"parent":0,"menu_order":0,"comment_status":"closed","ping_status":"closed","template":"","meta":{"footnotes":""},"class_list":["post-1036","page","type-page","status-publish","hentry"],"_links":{"self":[{"href":"https:\/\/www.kreujlife.pl\/index.php\/wp-json\/wp\/v2\/pages\/1036","targetHints":{"allow":["GET"]}}],"collection":[{"href":"https:\/\/www.kreujlife.pl\/index.php\/wp-json\/wp\/v2\/pages"}],"about":[{"href":"https:\/\/www.kreujlife.pl\/index.php\/wp-json\/wp\/v2\/types\/page"}],"author":[{"embeddable":true,"href":"https:\/\/www.kreujlife.pl\/index.php\/wp-json\/wp\/v2\/users\/1"}],"replies":[{"embeddable":true,"href":"https:\/\/www.kreujlife.pl\/index.php\/wp-json\/wp\/v2\/comments?post=1036"}],"version-history":[{"count":12,"href":"https:\/\/www.kreujlife.pl\/index.php\/wp-json\/wp\/v2\/pages\/1036\/revisions"}],"predecessor-version":[{"id":1368,"href":"https:\/\/www.kreujlife.pl\/index.php\/wp-json\/wp\/v2\/pages\/1036\/revisions\/1368"}],"wp:attachment":[{"href":"https:\/\/www.kreujlife.pl\/index.php\/wp-json\/wp\/v2\/media?parent=1036"}],"curies":[{"name":"wp","href":"https:\/\/api.w.org\/{rel}","templated":true}]}}